{"id":4598,"date":"2025-03-03T17:14:27","date_gmt":"2025-03-03T16:14:27","guid":{"rendered":"https:\/\/next-law.fr\/dev2025\/?page_id=4598"},"modified":"2025-03-24T10:46:55","modified_gmt":"2025-03-24T09:46:55","slug":"lucas-gomes","status":"publish","type":"page","link":"https:\/\/next-law.fr\/dev2025\/avocats\/lucas-gomes\/","title":{"rendered":"Lucas Gomes"},"content":{"rendered":"<div class=\"fusion-fullwidth fullwidth-box fusion-builder-row-1 fusion-flex-container has-pattern-background has-mask-background hundred-percent-fullwidth non-hundred-percent-height-scrolling fusion-sticky-container\" style=\"--awb-border-radius-top-left:0px;--awb-border-radius-top-right:0px;--awb-border-radius-bottom-right:0px;--awb-border-radius-bottom-left:0px;--awb-padding-right:0px;--awb-padding-left:0px;--awb-flex-wrap:wrap;\" data-transition-offset=\"0\" data-scroll-offset=\"0\" data-sticky-small-visibility=\"1\" data-sticky-medium-visibility=\"1\" data-sticky-large-visibility=\"1\" ><div class=\"fusion-builder-row fusion-row fusion-flex-align-items-flex-start fusion-flex-content-wrap\" style=\"width:calc( 100% + 0px ) !important;max-width:calc( 100% + 0px ) !important;margin-left: calc(-0px \/ 2 );margin-right: calc(-0px \/ 2 );\"><div class=\"fusion-layout-column fusion_builder_column fusion-builder-column-0 awb-sticky awb-sticky-medium awb-sticky-large fusion_builder_column_1_3 1_3 fusion-flex-column\" style=\"--awb-bg-position:right bottom;--awb-bg-size:contain;--awb-border-color:var(--awb-color8);--awb-border-style:solid;--awb-width-large:33.333333333333%;--awb-margin-top-large:0px;--awb-spacing-right-large:0px;--awb-margin-bottom-large:0px;--awb-spacing-left-large:0px;--awb-width-medium:33.333333333333%;--awb-order-medium:0;--awb-spacing-right-medium:0px;--awb-spacing-left-medium:0px;--awb-width-small:100%;--awb-order-small:0;--awb-spacing-right-small:0px;--awb-spacing-left-small:0px;--awb-sticky-offset:150px;\" data-scroll-devices=\"small-visibility,medium-visibility,large-visibility\"><div class=\"fusion-column-wrapper fusion-column-has-shadow fusion-flex-justify-content-flex-start fusion-content-layout-column\"><div class=\"fusion-title title fusion-title-1 fusion-sep-none fusion-title-text fusion-title-size-one\" style=\"--awb-margin-left:30px;--awb-margin-top-small:20px;--awb-margin-left-small:30px;\"><h1 class=\"fusion-title-heading title-heading-left fusion-responsive-typography-calculated\" style=\"margin:0;--fontSize:45;line-height:var(--awb-typography1-line-height);\">Lucas Gomes<\/h1><\/div><\/div><\/div><div class=\"fusion-layout-column fusion_builder_column fusion-builder-column-1 awb-sticky awb-sticky-small awb-sticky-medium awb-sticky-large fusion_builder_column_2_3 2_3 fusion-flex-column fusion-flex-align-self-stretch\" style=\"--awb-bg-size:cover;--awb-border-color:var(--awb-color8);--awb-border-left:1px;--awb-border-style:solid;--awb-width-large:66.666666666667%;--awb-margin-top-large:0px;--awb-spacing-right-large:0px;--awb-margin-bottom-large:0px;--awb-spacing-left-large:0px;--awb-width-medium:66.666666666667%;--awb-order-medium:0;--awb-spacing-right-medium:0px;--awb-spacing-left-medium:0px;--awb-width-small:100%;--awb-order-small:0;--awb-spacing-right-small:0px;--awb-spacing-left-small:0px;--awb-sticky-offset:160px;\" data-scroll-devices=\"small-visibility,medium-visibility,large-visibility\"><div class=\"fusion-column-wrapper fusion-column-has-shadow fusion-flex-justify-content-flex-start fusion-content-layout-column\"><div class=\"fusion-title title fusion-title-2 fusion-sep-none fusion-title-text fusion-title-size-two\" style=\"--awb-margin-left:30px;--awb-margin-left-small:30px;\"><h2 class=\"fusion-title-heading title-heading-left fusion-responsive-typography-calculated\" style=\"margin:0;--fontSize:45;line-height:var(--awb-typography1-line-height);\">Avocat collaborateur<\/h2><\/div><div class=\"fusion-separator fusion-full-width-sep\" style=\"align-self: center;margin-left: auto;margin-right: auto;width:100%;\"><div class=\"fusion-separator-border sep-single sep-solid\" style=\"--awb-height:20px;--awb-amount:20px;--awb-sep-color:var(--awb-color8);border-color:var(--awb-color8);border-top-width:1px;\"><\/div><\/div><div class=\"fusion-builder-row fusion-builder-row-inner fusion-row fusion-flex-align-items-flex-start fusion-flex-content-wrap\" style=\"width:calc( 100% + 0px ) !important;max-width:calc( 100% + 0px ) !important;margin-left: calc(-0px \/ 2 );margin-right: calc(-0px \/ 2 );\"><div class=\"fusion-layout-column fusion_builder_column_inner fusion-builder-nested-column-0 fusion_builder_column_inner_1_2 1_2 fusion-flex-column\" style=\"--awb-bg-size:cover;--awb-width-large:50%;--awb-margin-top-large:0px;--awb-spacing-right-large:0px;--awb-margin-bottom-large:20px;--awb-spacing-left-large:0px;--awb-width-medium:50%;--awb-order-medium:0;--awb-spacing-right-medium:0px;--awb-spacing-left-medium:0px;--awb-width-small:100%;--awb-order-small:0;--awb-spacing-right-small:0px;--awb-spacing-left-small:0px;\"><div class=\"fusion-column-wrapper fusion-column-has-shadow fusion-flex-justify-content-flex-start fusion-content-layout-column\"><div class=\"fusion-image-element \" style=\"--awb-margin-top:30px;--awb-margin-right:30px;--awb-margin-left:30px;--awb-caption-title-font-family:var(--h2_typography-font-family);--awb-caption-title-font-weight:var(--h2_typography-font-weight);--awb-caption-title-font-style:var(--h2_typography-font-style);--awb-caption-title-size:var(--h2_typography-font-size);--awb-caption-title-transform:var(--h2_typography-text-transform);--awb-caption-title-line-height:var(--h2_typography-line-height);--awb-caption-title-letter-spacing:var(--h2_typography-letter-spacing);\"><span class=\" fusion-imageframe imageframe-none imageframe-1 hover-type-none\"><img decoding=\"async\" width=\"800\" height=\"800\" title=\"LG2025\" src=\"https:\/\/next-law.fr\/dev2025\/wp-content\/uploads\/2025\/03\/LG2025.webp\" alt class=\"img-responsive wp-image-4892\" srcset=\"https:\/\/next-law.fr\/dev2025\/wp-content\/uploads\/2025\/03\/LG2025-66x66.webp 66w, https:\/\/next-law.fr\/dev2025\/wp-content\/uploads\/2025\/03\/LG2025-150x150.webp 150w, https:\/\/next-law.fr\/dev2025\/wp-content\/uploads\/2025\/03\/LG2025-200x200.webp 200w, https:\/\/next-law.fr\/dev2025\/wp-content\/uploads\/2025\/03\/LG2025-300x300.webp 300w, https:\/\/next-law.fr\/dev2025\/wp-content\/uploads\/2025\/03\/LG2025-400x400.webp 400w, https:\/\/next-law.fr\/dev2025\/wp-content\/uploads\/2025\/03\/LG2025-600x600.webp 600w, https:\/\/next-law.fr\/dev2025\/wp-content\/uploads\/2025\/03\/LG2025-768x768.webp 768w, https:\/\/next-law.fr\/dev2025\/wp-content\/uploads\/2025\/03\/LG2025.webp 800w\" sizes=\"(max-width: 640px) 100vw, 800px\" \/><\/span><\/div><div class=\"fusion-text fusion-text-1 fusion-text-no-margin\" style=\"--awb-margin-top:20px;--awb-margin-bottom:5px;--awb-margin-left:30px;\"><p>Barreau de Paris<br \/>\n+33 (0)1 75 43 86 23<br \/>\nlgomes@next-avocats.com<\/p>\n<\/div><a class=\"fb-icon-element-1 fb-icon-element fontawesome-icon fa-linkedin fab circle-no fusion-text-flow fusion-link\" style=\"--awb-iconcolor:var(--awb-color8);--awb-iconcolor-hover:var(--awb-color4);--awb-circlecolor:var(--awb-color4);--awb-font-size:25px;--awb-margin-left:30px;\" href=\"https:\/\/www.linkedin.com\/in\/lucas-gomes-316742112\/\" aria-label=\"Link to https:\/\/www.linkedin.com\/in\/lucas-gomes-316742112\/\" target=\"_blank\" rel=\"noopener noreferrer\"><\/a><\/div><\/div><div class=\"fusion-layout-column fusion_builder_column_inner fusion-builder-nested-column-1 fusion_builder_column_inner_1_2 1_2 fusion-flex-column\" style=\"--awb-padding-top:30px;--awb-padding-right:30px;--awb-padding-right-small:30px;--awb-padding-left-small:30px;--awb-bg-size:cover;--awb-width-large:50%;--awb-margin-top-large:0px;--awb-spacing-right-large:0px;--awb-margin-bottom-large:20px;--awb-spacing-left-large:0px;--awb-width-medium:50%;--awb-order-medium:0;--awb-spacing-right-medium:0px;--awb-spacing-left-medium:0px;--awb-width-small:100%;--awb-order-small:0;--awb-spacing-right-small:0px;--awb-spacing-left-small:0px;\" data-scroll-devices=\"small-visibility,medium-visibility,large-visibility\"><div class=\"fusion-column-wrapper fusion-column-has-shadow fusion-flex-justify-content-flex-start fusion-content-layout-column\"><div class=\"fusion-text fusion-text-2\"><p>Lucas est avocat au barreau de Paris depuis 2021.<\/p>\n<p>Avant de rejoindre NEXT en octobre 2022, il a exerc\u00e9 dans un cabinet d\u2019avocat sp\u00e9cialis\u00e9 en propri\u00e9t\u00e9 intellectuelle et a travaill\u00e9 comme juriste \u00e0 l\u2019Union des Marques (syndicat professionnel du secteur de la communication).<\/p>\n<p>Lucas accompagne les entreprises dans la contractualisation de leurs projets technologiques, dans leur mise en conformit\u00e9 RGPD et la protection de leur propri\u00e9t\u00e9 intellectuelle.<\/p>\n<p>Lucas parle Fran\u00e7ais et Anglais.<\/p>\n<\/div><\/div><\/div><\/div><div class=\"fusion-separator fusion-full-width-sep\" style=\"align-self: center;margin-left: auto;margin-right: auto;width:100%;\"><div class=\"fusion-separator-border sep-single sep-solid\" style=\"--awb-height:20px;--awb-amount:20px;--awb-sep-color:var(--awb-color8);border-color:var(--awb-color8);border-top-width:1px;\"><\/div><\/div><div class=\"fusion-title title fusion-title-3 fusion-sep-none fusion-title-text fusion-title-size-two\" style=\"--awb-margin-left:30px;--awb-margin-left-small:30px;\"><h2 class=\"fusion-title-heading title-heading-left fusion-responsive-typography-calculated\" style=\"margin:0;--fontSize:45;line-height:var(--awb-typography1-line-height);\">Formation<\/h2><\/div><div class=\"fusion-separator fusion-full-width-sep\" style=\"align-self: center;margin-left: auto;margin-right: auto;width:100%;\"><div class=\"fusion-separator-border sep-single sep-solid\" style=\"--awb-height:20px;--awb-amount:20px;--awb-sep-color:var(--awb-color8);border-color:var(--awb-color8);border-top-width:1px;\"><\/div><\/div><div class=\"fusion-text fusion-text-3\" style=\"--awb-margin-top:20px;--awb-margin-right:30px;--awb-margin-left:30px;\"><p>Lucas est dipl\u00f4m\u00e9 du Master 2 de droit des m\u00e9dias et de la communication (Universit\u00e9 Toulouse 1 Capitole).<\/p>\n<\/div><\/div><\/div><\/div><\/div>\n","protected":false},"excerpt":{"rendered":"","protected":false},"author":1,"featured_media":0,"parent":4458,"menu_order":0,"comment_status":"closed","ping_status":"closed","template":"100-width.php","meta":{"footnotes":""},"class_list":["post-4598","page","type-page","status-publish","hentry"],"_links":{"self":[{"href":"https:\/\/next-law.fr\/dev2025\/wp-json\/wp\/v2\/pages\/4598","targetHints":{"allow":["GET"]}}],"collection":[{"href":"https:\/\/next-law.fr\/dev2025\/wp-json\/wp\/v2\/pages"}],"about":[{"href":"https:\/\/next-law.fr\/dev2025\/wp-json\/wp\/v2\/types\/page"}],"author":[{"embeddable":true,"href":"https:\/\/next-law.fr\/dev2025\/wp-json\/wp\/v2\/users\/1"}],"replies":[{"embeddable":true,"href":"https:\/\/next-law.fr\/dev2025\/wp-json\/wp\/v2\/comments?post=4598"}],"version-history":[{"count":5,"href":"https:\/\/next-law.fr\/dev2025\/wp-json\/wp\/v2\/pages\/4598\/revisions"}],"predecessor-version":[{"id":4898,"href":"https:\/\/next-law.fr\/dev2025\/wp-json\/wp\/v2\/pages\/4598\/revisions\/4898"}],"up":[{"embeddable":true,"href":"https:\/\/next-law.fr\/dev2025\/wp-json\/wp\/v2\/pages\/4458"}],"wp:attachment":[{"href":"https:\/\/next-law.fr\/dev2025\/wp-json\/wp\/v2\/media?parent=4598"}],"curies":[{"name":"wp","href":"https:\/\/api.w.org\/{rel}","templated":true}]}}