{"id":4596,"date":"2025-03-03T17:14:18","date_gmt":"2025-03-03T16:14:18","guid":{"rendered":"https:\/\/next-law.fr\/dev2025\/?page_id=4596"},"modified":"2025-03-24T10:48:18","modified_gmt":"2025-03-24T09:48:18","slug":"stephanie-foulgoc","status":"publish","type":"page","link":"https:\/\/next-law.fr\/dev2025\/avocats\/stephanie-foulgoc\/","title":{"rendered":"St\u00e9phanie Foulgoc"},"content":{"rendered":"<div class=\"fusion-fullwidth fullwidth-box fusion-builder-row-1 fusion-flex-container has-pattern-background has-mask-background hundred-percent-fullwidth non-hundred-percent-height-scrolling fusion-sticky-container\" style=\"--awb-border-radius-top-left:0px;--awb-border-radius-top-right:0px;--awb-border-radius-bottom-right:0px;--awb-border-radius-bottom-left:0px;--awb-padding-right:0px;--awb-padding-left:0px;--awb-flex-wrap:wrap;\" data-transition-offset=\"0\" data-scroll-offset=\"0\" data-sticky-small-visibility=\"1\" data-sticky-medium-visibility=\"1\" data-sticky-large-visibility=\"1\" ><div class=\"fusion-builder-row fusion-row fusion-flex-align-items-flex-start fusion-flex-content-wrap\" style=\"width:calc( 100% + 0px ) !important;max-width:calc( 100% + 0px ) !important;margin-left: calc(-0px \/ 2 );margin-right: calc(-0px \/ 2 );\"><div class=\"fusion-layout-column fusion_builder_column fusion-builder-column-0 awb-sticky awb-sticky-medium awb-sticky-large fusion_builder_column_1_3 1_3 fusion-flex-column\" style=\"--awb-bg-position:right bottom;--awb-bg-size:contain;--awb-border-color:var(--awb-color8);--awb-border-style:solid;--awb-width-large:33.333333333333%;--awb-margin-top-large:0px;--awb-spacing-right-large:0px;--awb-margin-bottom-large:0px;--awb-spacing-left-large:0px;--awb-width-medium:33.333333333333%;--awb-order-medium:0;--awb-spacing-right-medium:0px;--awb-spacing-left-medium:0px;--awb-width-small:100%;--awb-order-small:0;--awb-spacing-right-small:0px;--awb-spacing-left-small:0px;--awb-sticky-offset:150px;\" data-scroll-devices=\"small-visibility,medium-visibility,large-visibility\"><div class=\"fusion-column-wrapper fusion-column-has-shadow fusion-flex-justify-content-flex-start fusion-content-layout-column\"><div class=\"fusion-title title fusion-title-1 fusion-sep-none fusion-title-text fusion-title-size-one\" style=\"--awb-margin-left:30px;--awb-margin-top-small:20px;--awb-margin-left-small:30px;\"><h1 class=\"fusion-title-heading title-heading-left fusion-responsive-typography-calculated\" style=\"margin:0;--fontSize:45;line-height:var(--awb-typography1-line-height);\">St\u00e9phanie Foulgoc<\/h1><\/div><\/div><\/div><div class=\"fusion-layout-column fusion_builder_column fusion-builder-column-1 awb-sticky awb-sticky-small awb-sticky-medium awb-sticky-large fusion_builder_column_2_3 2_3 fusion-flex-column fusion-flex-align-self-stretch\" style=\"--awb-bg-size:cover;--awb-border-color:var(--awb-color8);--awb-border-left:1px;--awb-border-style:solid;--awb-width-large:66.666666666667%;--awb-margin-top-large:0px;--awb-spacing-right-large:0px;--awb-margin-bottom-large:0px;--awb-spacing-left-large:0px;--awb-width-medium:66.666666666667%;--awb-order-medium:0;--awb-spacing-right-medium:0px;--awb-spacing-left-medium:0px;--awb-width-small:100%;--awb-order-small:0;--awb-spacing-right-small:0px;--awb-spacing-left-small:0px;--awb-sticky-offset:160px;\" data-scroll-devices=\"small-visibility,medium-visibility,large-visibility\"><div class=\"fusion-column-wrapper fusion-column-has-shadow fusion-flex-justify-content-flex-start fusion-content-layout-column\"><div class=\"fusion-title title fusion-title-2 fusion-sep-none fusion-title-text fusion-title-size-two\" style=\"--awb-margin-left:30px;--awb-margin-left-small:30px;\"><h2 class=\"fusion-title-heading title-heading-left fusion-responsive-typography-calculated\" style=\"margin:0;--fontSize:45;line-height:var(--awb-typography1-line-height);\">Avocate associ\u00e9e<\/h2><\/div><div class=\"fusion-separator fusion-full-width-sep\" style=\"align-self: center;margin-left: auto;margin-right: auto;width:100%;\"><div class=\"fusion-separator-border sep-single sep-solid\" style=\"--awb-height:20px;--awb-amount:20px;--awb-sep-color:var(--awb-color8);border-color:var(--awb-color8);border-top-width:1px;\"><\/div><\/div><div class=\"fusion-builder-row fusion-builder-row-inner fusion-row fusion-flex-align-items-flex-start fusion-flex-content-wrap\" style=\"width:calc( 100% + 0px ) !important;max-width:calc( 100% + 0px ) !important;margin-left: calc(-0px \/ 2 );margin-right: calc(-0px \/ 2 );\"><div class=\"fusion-layout-column fusion_builder_column_inner fusion-builder-nested-column-0 fusion_builder_column_inner_1_2 1_2 fusion-flex-column\" style=\"--awb-bg-size:cover;--awb-width-large:50%;--awb-margin-top-large:0px;--awb-spacing-right-large:0px;--awb-margin-bottom-large:20px;--awb-spacing-left-large:0px;--awb-width-medium:50%;--awb-order-medium:0;--awb-spacing-right-medium:0px;--awb-spacing-left-medium:0px;--awb-width-small:100%;--awb-order-small:0;--awb-spacing-right-small:0px;--awb-spacing-left-small:0px;\"><div class=\"fusion-column-wrapper fusion-column-has-shadow fusion-flex-justify-content-flex-start fusion-content-layout-column\"><div class=\"fusion-image-element \" style=\"--awb-margin-top:30px;--awb-margin-right:30px;--awb-margin-left:30px;--awb-caption-title-font-family:var(--h2_typography-font-family);--awb-caption-title-font-weight:var(--h2_typography-font-weight);--awb-caption-title-font-style:var(--h2_typography-font-style);--awb-caption-title-size:var(--h2_typography-font-size);--awb-caption-title-transform:var(--h2_typography-text-transform);--awb-caption-title-line-height:var(--h2_typography-line-height);--awb-caption-title-letter-spacing:var(--h2_typography-letter-spacing);\"><span class=\" fusion-imageframe imageframe-none imageframe-1 hover-type-none\"><img decoding=\"async\" width=\"800\" height=\"800\" title=\"SF2025\" src=\"https:\/\/next-law.fr\/dev2025\/wp-content\/uploads\/2025\/03\/SF2025.webp\" alt class=\"img-responsive wp-image-4894\" srcset=\"https:\/\/next-law.fr\/dev2025\/wp-content\/uploads\/2025\/03\/SF2025-66x66.webp 66w, https:\/\/next-law.fr\/dev2025\/wp-content\/uploads\/2025\/03\/SF2025-150x150.webp 150w, https:\/\/next-law.fr\/dev2025\/wp-content\/uploads\/2025\/03\/SF2025-200x200.webp 200w, https:\/\/next-law.fr\/dev2025\/wp-content\/uploads\/2025\/03\/SF2025-300x300.webp 300w, https:\/\/next-law.fr\/dev2025\/wp-content\/uploads\/2025\/03\/SF2025-400x400.webp 400w, https:\/\/next-law.fr\/dev2025\/wp-content\/uploads\/2025\/03\/SF2025-600x600.webp 600w, https:\/\/next-law.fr\/dev2025\/wp-content\/uploads\/2025\/03\/SF2025-768x768.webp 768w, https:\/\/next-law.fr\/dev2025\/wp-content\/uploads\/2025\/03\/SF2025.webp 800w\" sizes=\"(max-width: 640px) 100vw, 800px\" \/><\/span><\/div><div class=\"fusion-text fusion-text-1 fusion-text-no-margin\" style=\"--awb-margin-top:20px;--awb-margin-bottom:5px;--awb-margin-left:30px;\"><p>Barreaux de Paris et du Qu\u00e9bec<br \/>\n+33 (0)1 75 43 86 23<br \/>\nsfoulgoc@next-avocats.com<\/p>\n<\/div><a class=\"fb-icon-element-1 fb-icon-element fontawesome-icon fa-linkedin fab circle-no fusion-text-flow fusion-link\" style=\"--awb-iconcolor:var(--awb-color8);--awb-iconcolor-hover:var(--awb-color4);--awb-circlecolor:var(--awb-color4);--awb-font-size:25px;--awb-margin-left:30px;\" href=\"https:\/\/www.linkedin.com\/in\/st%C3%A9phanie-foulgoc-73245962\/\" aria-label=\"Link to https:\/\/www.linkedin.com\/in\/st%C3%A9phanie-foulgoc-73245962\/\" target=\"_blank\" rel=\"noopener noreferrer\"><\/a><\/div><\/div><div class=\"fusion-layout-column fusion_builder_column_inner fusion-builder-nested-column-1 fusion_builder_column_inner_1_2 1_2 fusion-flex-column\" style=\"--awb-padding-top:30px;--awb-padding-right:30px;--awb-padding-right-small:30px;--awb-padding-left-small:30px;--awb-bg-size:cover;--awb-width-large:50%;--awb-margin-top-large:0px;--awb-spacing-right-large:0px;--awb-margin-bottom-large:20px;--awb-spacing-left-large:0px;--awb-width-medium:50%;--awb-order-medium:0;--awb-spacing-right-medium:0px;--awb-spacing-left-medium:0px;--awb-width-small:100%;--awb-order-small:0;--awb-spacing-right-small:0px;--awb-spacing-left-small:0px;\" data-scroll-devices=\"small-visibility,medium-visibility,large-visibility\"><div class=\"fusion-column-wrapper fusion-column-has-shadow fusion-flex-justify-content-flex-start fusion-content-layout-column\"><div class=\"fusion-text fusion-text-2\"><p>Curieuse de comprendre les m\u00e9tiers de ses clients et attentive \u00e0 leurs enjeux, St\u00e9phanie les accompagne dans tous les domaines de la propri\u00e9t\u00e9 intellectuelle et de l\u2019innovation, des donn\u00e9es personnelles et du divertissement. Ayant une pratique r\u00e9solument internationale, elle accompagne notamment des groupes internationaux et des soci\u00e9t\u00e9s \u00e9trang\u00e8res dans la mise en conformit\u00e9 de leurs activit\u00e9s en France et en Europe.<\/p>\n<p>St\u00e9phanie est avocate au barreau de Paris depuis 2011 et a exerc\u00e9 pendant 8 ans au sein du cabinet FERAL-SCHUHL \/ SAINTE-MARIE, avant de fonder NEXT en 2020.<\/p>\n<p>Elle a \u00e9galement \u00e9t\u00e9 admise au Barreau du Qu\u00e9bec en 2016 et a exerc\u00e9 pendant deux ans \u00e0 Montr\u00e9al.<\/p>\n<p>Elle avait avant cela eu plusieurs exp\u00e9riences professionnelles \u00e0 l\u2019\u00e9tranger, dans un cabinet international d\u2019avocats<br \/>\n\u00e0 Milan, Italie, dans une soci\u00e9t\u00e9 de gestion collective de droits d\u2019artistes interpr\u00e8tes \u00e0 Toronto, Canada et \u00e0 la Commission europ\u00e9enne \u00e0 Bruxelles.<\/p>\n<p>Elle est charg\u00e9e d\u2019enseignement de droit de la propri\u00e9t\u00e9 intellectuelle dans la Majeure Management de la Cr\u00e9ation et de la Production Audiovisuelle d\u2019Audencia Business School. Elle a \u00e9galement \u00e9t\u00e9 charg\u00e9e d\u2019enseignement de droit de la propri\u00e9t\u00e9 intellectuelle dans le Mast\u00e8re Sp\u00e9cialis\u00e9 \u00ab Management de la Fili\u00e8re Musicale \u00bb.<\/p>\n<p>St\u00e9phanie parle Fran\u00e7ais, Anglais et Italien.<\/p>\n<\/div><\/div><\/div><\/div><div class=\"fusion-separator fusion-full-width-sep\" style=\"align-self: center;margin-left: auto;margin-right: auto;width:100%;\"><div class=\"fusion-separator-border sep-single sep-solid\" style=\"--awb-height:20px;--awb-amount:20px;--awb-sep-color:var(--awb-color8);border-color:var(--awb-color8);border-top-width:1px;\"><\/div><\/div><div class=\"fusion-title title fusion-title-3 fusion-sep-none fusion-title-text fusion-title-size-two\" style=\"--awb-margin-left:30px;--awb-margin-left-small:30px;\"><h2 class=\"fusion-title-heading title-heading-left fusion-responsive-typography-calculated\" style=\"margin:0;--fontSize:45;line-height:var(--awb-typography1-line-height);\">Distinctions<\/h2><\/div><div class=\"fusion-separator fusion-full-width-sep\" style=\"align-self: center;margin-left: auto;margin-right: auto;width:100%;\"><div class=\"fusion-separator-border sep-single sep-solid\" style=\"--awb-height:20px;--awb-amount:20px;--awb-sep-color:var(--awb-color8);border-color:var(--awb-color8);border-top-width:1px;\"><\/div><\/div><div class=\"fusion-text fusion-text-3\" style=\"--awb-margin-top:20px;--awb-margin-right:30px;--awb-margin-left:30px;\"><p>\u2022 BEST LAWYERS 2024 \u2013 Privacy and Data Security Law<\/p>\n<p>\u2022 PALMARES DU DROIT 2022 Le Monde du Droit \u2013 AFJE \u2013 Cercle Montesquieu \u2013 Avocate de l\u2019ann\u00e9e 2022 en Droit des M\u00e9dias et Presse et Droit d\u2019Auteur<\/p>\n<p>\u2022 LEADERS LEAGUE &amp; DECIDEURS MAGAZINE 2021 \u2013 \u00ab HIGHLY RECOMMENDED \u00bb dans les cat\u00e9gories Droit des donn\u00e9es personnelles \/ Droit de l\u2019internet \/ Spectacles vivants \/ Droit de la publicit\u00e9 et marketing &amp; \u00ab RECOMMENDED \u00bb dans la cat\u00e9gorie Droit de la Musique<\/p>\n<p>\u2022 LEGAL 500 EMEA 2020 dans la cat\u00e9gorie IT and Internet<\/p>\n<p>\u2022 LEADERS LEAGUE &amp; DECIDEURS MAGAZINE 2020 \u2013 \u00ab HIGHLY RECOMMENDED \u00bb dans les cat\u00e9gories Spectacles vivants \/ Droit de la publicit\u00e9 &amp; Marketing &amp; \u00ab RECOMMENDED \u00bb dans les cat\u00e9gories Droit de la Musique \/ Droit de l\u2019Audiovisuel<\/p>\n<p>\u2022 LEGAL 500 FRANCE 2019 dans les cat\u00e9gories Media and Entertainment : Music \/ IT, Telecoms and the Internet<\/p>\n<\/div><div class=\"fusion-separator fusion-full-width-sep\" style=\"align-self: center;margin-left: auto;margin-right: auto;width:100%;\"><div class=\"fusion-separator-border sep-single sep-solid\" style=\"--awb-height:20px;--awb-amount:20px;--awb-sep-color:var(--awb-color8);border-color:var(--awb-color8);border-top-width:1px;\"><\/div><\/div><div class=\"fusion-title title fusion-title-4 fusion-sep-none fusion-title-text fusion-title-size-two\" style=\"--awb-margin-left:30px;--awb-margin-left-small:30px;\"><h2 class=\"fusion-title-heading title-heading-left fusion-responsive-typography-calculated\" style=\"margin:0;--fontSize:45;line-height:var(--awb-typography1-line-height);\">Formation<\/h2><\/div><div class=\"fusion-separator fusion-full-width-sep\" style=\"align-self: center;margin-left: auto;margin-right: auto;width:100%;\"><div class=\"fusion-separator-border sep-single sep-solid\" style=\"--awb-height:20px;--awb-amount:20px;--awb-sep-color:var(--awb-color8);border-color:var(--awb-color8);border-top-width:1px;\"><\/div><\/div><div class=\"fusion-text fusion-text-4\" style=\"--awb-margin-top:20px;--awb-margin-right:30px;--awb-margin-left:30px;\"><p>St\u00e9phanie est dipl\u00f4m\u00e9e d\u2019un Master II Droit des cr\u00e9ations num\u00e9riques des Universit\u00e9s Paris I Panth\u00e9on-Sorbonne et Paris XI Sceaux (2009) sous la direction du Professeur Pierre Sirinelli et d\u2019un Master II Droit europ\u00e9en des affaires de l\u2019Universit\u00e9 Paris II Panth\u00e9on-Assas (2008, Major de promotion, sous la direction du Professeur Louis Vogel).<\/p>\n<p>Elle est \u00e9galement dipl\u00f4m\u00e9e d\u2019un master I Droit priv\u00e9 g\u00e9n\u00e9ral effectu\u00e9 \u00e0 l\u2019Universit\u00e9 d\u2019Ottawa au Canada.<\/p>\n<\/div><\/div><\/div><\/div><\/div>\n","protected":false},"excerpt":{"rendered":"","protected":false},"author":1,"featured_media":0,"parent":4458,"menu_order":0,"comment_status":"closed","ping_status":"closed","template":"100-width.php","meta":{"footnotes":""},"class_list":["post-4596","page","type-page","status-publish","hentry"],"_links":{"self":[{"href":"https:\/\/next-law.fr\/dev2025\/wp-json\/wp\/v2\/pages\/4596","targetHints":{"allow":["GET"]}}],"collection":[{"href":"https:\/\/next-law.fr\/dev2025\/wp-json\/wp\/v2\/pages"}],"about":[{"href":"https:\/\/next-law.fr\/dev2025\/wp-json\/wp\/v2\/types\/page"}],"author":[{"embeddable":true,"href":"https:\/\/next-law.fr\/dev2025\/wp-json\/wp\/v2\/users\/1"}],"replies":[{"embeddable":true,"href":"https:\/\/next-law.fr\/dev2025\/wp-json\/wp\/v2\/comments?post=4596"}],"version-history":[{"count":4,"href":"https:\/\/next-law.fr\/dev2025\/wp-json\/wp\/v2\/pages\/4596\/revisions"}],"predecessor-version":[{"id":4900,"href":"https:\/\/next-law.fr\/dev2025\/wp-json\/wp\/v2\/pages\/4596\/revisions\/4900"}],"up":[{"embeddable":true,"href":"https:\/\/next-law.fr\/dev2025\/wp-json\/wp\/v2\/pages\/4458"}],"wp:attachment":[{"href":"https:\/\/next-law.fr\/dev2025\/wp-json\/wp\/v2\/media?parent=4596"}],"curies":[{"name":"wp","href":"https:\/\/api.w.org\/{rel}","templated":true}]}}