{"id":4519,"date":"2025-03-03T14:23:14","date_gmt":"2025-03-03T13:23:14","guid":{"rendered":"https:\/\/next-law.fr\/dev2025\/?page_id=4519"},"modified":"2025-03-10T15:01:14","modified_gmt":"2025-03-10T14:01:14","slug":"mentions-legales","status":"publish","type":"page","link":"https:\/\/next-law.fr\/dev2025\/mentions-legales\/","title":{"rendered":"Mentions l\u00e9gales"},"content":{"rendered":"<div class=\"fusion-fullwidth fullwidth-box fusion-builder-row-1 fusion-flex-container has-pattern-background has-mask-background hundred-percent-fullwidth non-hundred-percent-height-scrolling fusion-sticky-container\" style=\"--awb-border-radius-top-left:0px;--awb-border-radius-top-right:0px;--awb-border-radius-bottom-right:0px;--awb-border-radius-bottom-left:0px;--awb-padding-right:0px;--awb-padding-left:0px;--awb-flex-wrap:wrap;\" data-transition-offset=\"0\" data-scroll-offset=\"0\" data-sticky-small-visibility=\"1\" data-sticky-medium-visibility=\"1\" data-sticky-large-visibility=\"1\" ><div class=\"fusion-builder-row fusion-row fusion-flex-align-items-flex-start fusion-flex-content-wrap\" style=\"width:calc( 100% + 0px ) !important;max-width:calc( 100% + 0px ) !important;margin-left: calc(-0px \/ 2 );margin-right: calc(-0px \/ 2 );\"><div class=\"fusion-layout-column fusion_builder_column fusion-builder-column-0 awb-sticky awb-sticky-medium awb-sticky-large fusion_builder_column_1_3 1_3 fusion-flex-column\" style=\"--awb-bg-position:right bottom;--awb-bg-size:contain;--awb-border-color:var(--awb-color8);--awb-border-style:solid;--awb-width-large:33.333333333333%;--awb-margin-top-large:0px;--awb-spacing-right-large:0px;--awb-margin-bottom-large:0px;--awb-spacing-left-large:0px;--awb-width-medium:33.333333333333%;--awb-order-medium:0;--awb-spacing-right-medium:0px;--awb-spacing-left-medium:0px;--awb-width-small:100%;--awb-order-small:0;--awb-spacing-right-small:0px;--awb-spacing-left-small:0px;--awb-sticky-offset:150px;\" data-scroll-devices=\"small-visibility,medium-visibility,large-visibility\"><div class=\"fusion-column-wrapper fusion-column-has-shadow fusion-flex-justify-content-flex-start fusion-content-layout-column\"><div class=\"fusion-title title fusion-title-1 fusion-sep-none fusion-title-text fusion-title-size-one\" style=\"--awb-margin-left:30px;--awb-margin-top-small:20px;--awb-margin-left-small:30px;\"><h1 class=\"fusion-title-heading title-heading-left fusion-responsive-typography-calculated\" style=\"margin:0;--fontSize:45;line-height:var(--awb-typography1-line-height);\">Mentions l\u00e9gales<\/h1><\/div><\/div><\/div><div class=\"fusion-layout-column fusion_builder_column fusion-builder-column-1 awb-sticky awb-sticky-small awb-sticky-medium awb-sticky-large fusion_builder_column_2_3 2_3 fusion-flex-column fusion-flex-align-self-stretch\" style=\"--awb-padding-bottom:30px;--awb-bg-size:cover;--awb-border-color:var(--awb-color8);--awb-border-left:1px;--awb-border-style:solid;--awb-width-large:66.666666666667%;--awb-margin-top-large:0px;--awb-spacing-right-large:0px;--awb-margin-bottom-large:0px;--awb-spacing-left-large:0px;--awb-width-medium:66.666666666667%;--awb-order-medium:0;--awb-spacing-right-medium:0px;--awb-spacing-left-medium:0px;--awb-width-small:100%;--awb-order-small:0;--awb-spacing-right-small:0px;--awb-spacing-left-small:0px;--awb-sticky-offset:160px;\" data-scroll-devices=\"small-visibility,medium-visibility,large-visibility\"><div class=\"fusion-column-wrapper fusion-column-has-shadow fusion-flex-justify-content-flex-start fusion-content-layout-column\"><div class=\"fusion-title title fusion-title-2 fusion-sep-none fusion-title-text fusion-title-size-two\" style=\"--awb-margin-left:30px;--awb-margin-left-small:30px;\"><h2 class=\"fusion-title-heading title-heading-left fusion-responsive-typography-calculated\" style=\"margin:0;--fontSize:45;line-height:var(--awb-typography1-line-height);\">\u00c9diteur du site<\/h2><\/div><div class=\"fusion-text fusion-text-1\" style=\"--awb-margin-right:30px;--awb-margin-left:30px;\"><p>NEXT AVOCATS S.E.L.A.R.L.<br \/>\nAvocats au Barreau de Paris<br \/>\n6 rue Bouchardon<br \/>\n75 010 Paris \u2013 Palais : G0213<\/p>\n<p>Siren : 838 837 888 \u2013 TVA : FR93838837888<\/p>\n<p>Responsable de publication : Etienne Papin \u2013 Co-g\u00e9rant<\/p>\n<\/div><div class=\"fusion-title title fusion-title-3 fusion-sep-none fusion-title-text fusion-title-size-two\" style=\"--awb-margin-left:30px;--awb-margin-left-small:30px;\"><h2 class=\"fusion-title-heading title-heading-left fusion-responsive-typography-calculated\" style=\"margin:0;--fontSize:45;line-height:var(--awb-typography1-line-height);\">H\u00e9bergement du site internet<\/h2><\/div><div class=\"fusion-text fusion-text-2\" style=\"--awb-margin-right:30px;--awb-margin-left:30px;\"><p>GANDI<br \/>\n63-65 Boulevard Mass\u00e9na<br \/>\n75013 Paris \u2013 France<\/p>\n<\/div><div class=\"fusion-title title fusion-title-4 fusion-sep-none fusion-title-text fusion-title-size-two\" style=\"--awb-margin-left:30px;--awb-margin-left-small:30px;\"><h2 class=\"fusion-title-heading title-heading-left fusion-responsive-typography-calculated\" style=\"margin:0;--fontSize:45;line-height:var(--awb-typography1-line-height);\">D\u00e9veloppement<\/h2><\/div><div class=\"fusion-text fusion-text-3\" style=\"--awb-margin-right:30px;--awb-margin-left:30px;\"><p><a href=\"https:\/\/yesyouweb.com\/\" target=\"_blank\" rel=\"noopener noreferrer\">Marine Le Guernigou \u2013 Yes You Web!<\/a><\/p>\n<\/div><div class=\"fusion-title title fusion-title-5 fusion-sep-none fusion-title-text fusion-title-size-two\" style=\"--awb-margin-left:30px;--awb-margin-left-small:30px;\"><h2 class=\"fusion-title-heading title-heading-left fusion-responsive-typography-calculated\" style=\"margin:0;--fontSize:45;line-height:var(--awb-typography1-line-height);\">Photographies<\/h2><\/div><div class=\"fusion-text fusion-text-4\" style=\"--awb-margin-right:30px;--awb-margin-left:30px;\"><p>Astrid Jamois \u2013\u00a0<a href=\"http:\/\/www.astridjamoisphotography.com\/\">www.astridjamoisphotography.com<\/a><\/p>\n<\/div><div class=\"fusion-title title fusion-title-6 fusion-sep-none fusion-title-text fusion-title-size-two\" style=\"--awb-margin-left:30px;--awb-margin-left-small:30px;\"><h2 class=\"fusion-title-heading title-heading-left fusion-responsive-typography-calculated\" style=\"margin:0;--fontSize:45;line-height:var(--awb-typography1-line-height);\">Propri\u00e9t\u00e9 intellectuelle<\/h2><\/div><div class=\"fusion-text fusion-text-5\" style=\"--awb-margin-right:30px;--awb-margin-left:30px;\"><p>De mani\u00e8re g\u00e9n\u00e9rale, les textes, les informations, les logos, les identit\u00e9s visuelles, les images anim\u00e9es ou non et leurs mises en forme, les vid\u00e9os, apparaissant sur le Site sont la propri\u00e9t\u00e9 de Next Avocats et sont prot\u00e9g\u00e9es \u00e0 ce titre par les dispositions du Code de la propri\u00e9t\u00e9 intellectuelle.<\/p>\n<p>L\u2019internaute s\u2019engage \u00e0 faire un usage personnel et non commercial des informations contenues sur le Site. En cas de non-respect des dispositions des pr\u00e9sentes mentions l\u00e9gales, par l\u2019internaute, sa responsabilit\u00e9 civile et\/ou p\u00e9nale pourrai(en)t se voir engag\u00e9e(s).<\/p>\n<\/div><div class=\"fusion-title title fusion-title-7 fusion-sep-none fusion-title-text fusion-title-size-two\" style=\"--awb-margin-left:30px;--awb-margin-left-small:30px;\"><h2 class=\"fusion-title-heading title-heading-left fusion-responsive-typography-calculated\" style=\"margin:0;--fontSize:45;line-height:var(--awb-typography1-line-height);\">Politique de protection des donn\u00e9es personnelles<\/h2><\/div><div class=\"fusion-text fusion-text-6\" style=\"--awb-margin-right:30px;--awb-margin-left:30px;\"><p>Pour mesurer l\u2019audience de notre site accessible \u00e0 www.next-law.fr, NEXT avocats utilise le service Google Analytics dont la politique de protection des donn\u00e9es est accessible \u00e0 l\u2019adresse suivante\u00a0:\u00a0<a href=\"https:\/\/support.google.com\/analytics\/answer\/6004245?hl=fr\" target=\"_blank\" rel=\"noopener noreferrer\">https:\/\/support.google.com\/analytics\/answer\/6004245?hl=fr<\/a><\/p>\n<p>Ce service implique l\u2019utilisation de cookies. Il s\u2019agit d\u2019informations qui seront inscrites dans un fichier stock\u00e9 sur votre terminal.<\/p>\n<p>La finalit\u00e9 de ces cookies est limit\u00e9e \u00e0 (i) la mesure d\u2019audience du contenu visualis\u00e9 afin de permettre l\u2019\u00e9valuation des contenus publi\u00e9s et l\u2019ergonomie de notre site, (ii) la segmentation de l\u2019audience de notre site web afin d\u2019\u00e9valuer l\u2019efficacit\u00e9 des choix \u00e9ditoriaux, sans que cela ne conduise \u00e0 cibler une personne unique ; (iii) la modification dynamique d\u2019un site de fa\u00e7on globale et (iv) la production de statistiques anonymes.<\/p>\n<p>Les donn\u00e9es \u00e0 caract\u00e8re personnel collect\u00e9es ne sont pas \u00eatre recoup\u00e9es avec d\u2019autres traitements ni transmises \u00e0 des tiers. Elles sont effac\u00e9es au bout de 13 mois.<\/p>\n<p>Si vous souhaitez d\u00e9sactiver le cookie Google Analytics, il convient de param\u00e9trer votre navigateur (reportez-vous \u00e0 l\u2019aide de votre navigateur pour ce faire) ou d\u2019installer le module disponible \u00e0 l\u2019adresse suivante :\u00a0<a href=\"https:\/\/tools.google.com\/dlpage\/gaoptout\/\" target=\"_blank\" rel=\"noopener noreferrer\">https:\/\/tools.google.com\/dlpage\/gaoptout\/<\/a><\/p>\n<p>Pour toute question vous pouvez nous \u00e9crire \u00e0 : contact@next-avocats.com<\/p>\n<\/div><\/div><\/div><\/div><\/div>\n","protected":false},"excerpt":{"rendered":"","protected":false},"author":1,"featured_media":0,"parent":0,"menu_order":0,"comment_status":"closed","ping_status":"closed","template":"100-width.php","meta":{"footnotes":""},"class_list":["post-4519","page","type-page","status-publish","hentry"],"_links":{"self":[{"href":"https:\/\/next-law.fr\/dev2025\/wp-json\/wp\/v2\/pages\/4519","targetHints":{"allow":["GET"]}}],"collection":[{"href":"https:\/\/next-law.fr\/dev2025\/wp-json\/wp\/v2\/pages"}],"about":[{"href":"https:\/\/next-law.fr\/dev2025\/wp-json\/wp\/v2\/types\/page"}],"author":[{"embeddable":true,"href":"https:\/\/next-law.fr\/dev2025\/wp-json\/wp\/v2\/users\/1"}],"replies":[{"embeddable":true,"href":"https:\/\/next-law.fr\/dev2025\/wp-json\/wp\/v2\/comments?post=4519"}],"version-history":[{"count":12,"href":"https:\/\/next-law.fr\/dev2025\/wp-json\/wp\/v2\/pages\/4519\/revisions"}],"predecessor-version":[{"id":4778,"href":"https:\/\/next-law.fr\/dev2025\/wp-json\/wp\/v2\/pages\/4519\/revisions\/4778"}],"wp:attachment":[{"href":"https:\/\/next-law.fr\/dev2025\/wp-json\/wp\/v2\/media?parent=4519"}],"curies":[{"name":"wp","href":"https:\/\/api.w.org\/{rel}","templated":true}]}}