{"id":21,"date":"2025-02-10T16:18:14","date_gmt":"2025-02-10T15:18:14","guid":{"rendered":"https:\/\/next-law.fr\/dev2025\/?page_id=21"},"modified":"2025-03-17T09:47:17","modified_gmt":"2025-03-17T08:47:17","slug":"contrats-conformite-contentieux","status":"publish","type":"page","link":"https:\/\/next-law.fr\/dev2025\/contrats-conformite-contentieux\/","title":{"rendered":"Contrats, conformit\u00e9, contentieux"},"content":{"rendered":"<div class=\"fusion-fullwidth fullwidth-box fusion-builder-row-1 fusion-flex-container has-pattern-background has-mask-background hundred-percent-fullwidth non-hundred-percent-height-scrolling fusion-sticky-container\" style=\"--awb-border-radius-top-left:0px;--awb-border-radius-top-right:0px;--awb-border-radius-bottom-right:0px;--awb-border-radius-bottom-left:0px;--awb-padding-right:0px;--awb-padding-left:0px;--awb-flex-wrap:wrap;\" data-transition-offset=\"0\" data-scroll-offset=\"0\" data-sticky-small-visibility=\"1\" data-sticky-medium-visibility=\"1\" data-sticky-large-visibility=\"1\" ><div class=\"fusion-builder-row fusion-row fusion-flex-align-items-flex-start fusion-flex-content-wrap\" style=\"width:calc( 100% + 0px ) !important;max-width:calc( 100% + 0px ) !important;margin-left: calc(-0px \/ 2 );margin-right: calc(-0px \/ 2 );\"><div class=\"fusion-layout-column fusion_builder_column fusion-builder-column-0 awb-sticky awb-sticky-medium awb-sticky-large fusion_builder_column_1_3 1_3 fusion-flex-column\" style=\"--awb-padding-bottom:200px;--awb-padding-bottom-small:100px;--awb-bg-image:url(&#039;https:\/\/next-law.fr\/dev2025\/wp-content\/uploads\/2025\/03\/contrat-background.webp&#039;);--awb-bg-position:right bottom;--awb-bg-blend:darken;--awb-bg-size:contain;--awb-border-color:var(--awb-color8);--awb-border-style:solid;--awb-width-large:33.333333333333%;--awb-margin-top-large:0px;--awb-spacing-right-large:0px;--awb-margin-bottom-large:0px;--awb-spacing-left-large:0px;--awb-width-medium:33.333333333333%;--awb-order-medium:0;--awb-spacing-right-medium:0px;--awb-spacing-left-medium:0px;--awb-width-small:100%;--awb-order-small:0;--awb-spacing-right-small:0px;--awb-spacing-left-small:0px;--awb-sticky-offset:150px;\" data-scroll-devices=\"small-visibility,medium-visibility,large-visibility\"><div class=\"fusion-column-wrapper fusion-column-has-shadow fusion-flex-justify-content-flex-start fusion-content-layout-column fusion-column-has-bg-image\" data-bg-url=\"https:\/\/next-law.fr\/dev2025\/wp-content\/uploads\/2025\/03\/contrat-background.webp\"><div class=\"fusion-title title fusion-title-1 fusion-sep-none fusion-title-text fusion-title-size-one\" style=\"--awb-text-color:var(--awb-color8);--awb-margin-left:30px;--awb-margin-top-small:20px;--awb-margin-left-small:30px;\"><h1 class=\"fusion-title-heading title-heading-left fusion-responsive-typography-calculated\" style=\"margin:0;--fontSize:45;line-height:var(--awb-typography1-line-height);\"><p>Contrats<br \/>\nConformit\u00e9<br \/>\nContentieux<\/p><\/h1><\/div><\/div><\/div><div class=\"fusion-layout-column fusion_builder_column fusion-builder-column-1 awb-sticky awb-sticky-small awb-sticky-medium awb-sticky-large fusion_builder_column_2_3 2_3 fusion-flex-column fusion-flex-align-self-stretch\" style=\"--awb-bg-size:cover;--awb-border-color:var(--awb-color8);--awb-border-left:1px;--awb-border-style:solid;--awb-width-large:66.666666666667%;--awb-margin-top-large:0px;--awb-spacing-right-large:0px;--awb-margin-bottom-large:0px;--awb-spacing-left-large:0px;--awb-width-medium:66.666666666667%;--awb-order-medium:0;--awb-spacing-right-medium:0px;--awb-spacing-left-medium:0px;--awb-width-small:100%;--awb-order-small:0;--awb-spacing-right-small:0px;--awb-spacing-left-small:0px;--awb-sticky-offset:160px;\" data-scroll-devices=\"small-visibility,medium-visibility,large-visibility\"><div class=\"fusion-column-wrapper fusion-column-has-shadow fusion-flex-justify-content-flex-start fusion-content-layout-column\"><div class=\"fusion-builder-row fusion-builder-row-inner fusion-row fusion-flex-align-items-flex-start fusion-flex-content-wrap\" style=\"width:calc( 100% + 0px ) !important;max-width:calc( 100% + 0px ) !important;margin-left: calc(-0px \/ 2 );margin-right: calc(-0px \/ 2 );\"><div class=\"fusion-layout-column fusion_builder_column_inner fusion-builder-nested-column-0 fusion_builder_column_inner_1_2 1_2 fusion-flex-column\" style=\"--awb-padding-top:7px;--awb-padding-right-small:30px;--awb-padding-left-small:30px;--awb-bg-size:cover;--awb-border-color:var(--awb-color8);--awb-border-style:solid;--awb-width-large:50%;--awb-margin-top-large:0px;--awb-spacing-right-large:30px;--awb-margin-bottom-large:0px;--awb-spacing-left-large:30px;--awb-width-medium:50%;--awb-order-medium:0;--awb-spacing-right-medium:30px;--awb-spacing-left-medium:30px;--awb-width-small:100%;--awb-order-small:0;--awb-spacing-right-small:0px;--awb-spacing-left-small:0px;\" data-scroll-devices=\"small-visibility,medium-visibility,large-visibility\"><div class=\"fusion-column-wrapper fusion-column-has-shadow fusion-flex-justify-content-flex-start fusion-content-layout-column\"><div class=\"fusion-title title fusion-title-2 fusion-sep-none fusion-title-text fusion-title-size-three\" style=\"--awb-margin-top:20px;--awb-margin-bottom:20px;\"><h3 class=\"fusion-title-heading title-heading-left fusion-responsive-typography-calculated\" style=\"margin:0;--fontSize:25;--minFontSize:25;line-height:var(--awb-typography1-line-height);\">Contrat<\/h3><\/div><div class=\"fusion-text fusion-text-1\"><p>R\u00e9diger un contrat c\u2019est d\u2019abord analyser l\u2019op\u00e9ration qu\u2019il doit encadrer, identifier les situations \u00e0 risques et proposer les solutions contractuelles adapt\u00e9es. Il n\u2019y a pas de contrats-type, parce qu\u2019il n\u2019y a pas de projet type. Des montages contractuels simples ou \u00e9labor\u00e9s, les avocats de NEXT ont une pratique \u00e9tendue de la r\u00e9daction de contrats et l\u2019exp\u00e9rience de leur n\u00e9gociation.<\/p>\n<\/div><\/div><\/div><div class=\"fusion-layout-column fusion_builder_column_inner fusion-builder-nested-column-1 fusion_builder_column_inner_1_2 1_2 fusion-flex-column\" style=\"--awb-bg-size:cover;--awb-border-color:var(--awb-color8);--awb-border-style:solid;--awb-width-large:50%;--awb-margin-top-large:0px;--awb-spacing-right-large:0px;--awb-margin-bottom-large:0px;--awb-spacing-left-large:0px;--awb-width-medium:50%;--awb-order-medium:0;--awb-spacing-right-medium:0px;--awb-spacing-left-medium:0px;--awb-width-small:100%;--awb-order-small:0;--awb-spacing-right-small:0px;--awb-spacing-left-small:0px;\" data-scroll-devices=\"small-visibility,medium-visibility,large-visibility\"><div class=\"fusion-column-wrapper fusion-column-has-shadow fusion-flex-justify-content-flex-start fusion-content-layout-column\"><div class=\"fusion-image-element \" style=\"--awb-caption-title-font-family:var(--h2_typography-font-family);--awb-caption-title-font-weight:var(--h2_typography-font-weight);--awb-caption-title-font-style:var(--h2_typography-font-style);--awb-caption-title-size:var(--h2_typography-font-size);--awb-caption-title-transform:var(--h2_typography-text-transform);--awb-caption-title-line-height:var(--h2_typography-line-height);--awb-caption-title-letter-spacing:var(--h2_typography-letter-spacing);\"><span class=\" fusion-imageframe imageframe-none imageframe-1 hover-type-none\"><img decoding=\"async\" width=\"800\" height=\"800\" title=\"competence-contrat\" src=\"https:\/\/next-law.fr\/dev2025\/wp-content\/uploads\/2025\/03\/competence-contrat.webp\" alt class=\"img-responsive wp-image-4841\" srcset=\"https:\/\/next-law.fr\/dev2025\/wp-content\/uploads\/2025\/03\/competence-contrat-66x66.webp 66w, https:\/\/next-law.fr\/dev2025\/wp-content\/uploads\/2025\/03\/competence-contrat-150x150.webp 150w, https:\/\/next-law.fr\/dev2025\/wp-content\/uploads\/2025\/03\/competence-contrat-200x200.webp 200w, https:\/\/next-law.fr\/dev2025\/wp-content\/uploads\/2025\/03\/competence-contrat-300x300.webp 300w, https:\/\/next-law.fr\/dev2025\/wp-content\/uploads\/2025\/03\/competence-contrat-400x400.webp 400w, https:\/\/next-law.fr\/dev2025\/wp-content\/uploads\/2025\/03\/competence-contrat-600x600.webp 600w, https:\/\/next-law.fr\/dev2025\/wp-content\/uploads\/2025\/03\/competence-contrat-768x768.webp 768w, https:\/\/next-law.fr\/dev2025\/wp-content\/uploads\/2025\/03\/competence-contrat.webp 800w\" sizes=\"(max-width: 640px) 100vw, 800px\" \/><\/span><\/div><\/div><\/div><\/div><div class=\"fusion-builder-row fusion-builder-row-inner fusion-row fusion-flex-align-items-flex-start fusion-flex-content-wrap\" style=\"width:calc( 100% + 0px ) !important;max-width:calc( 100% + 0px ) !important;margin-left: calc(-0px \/ 2 );margin-right: calc(-0px \/ 2 );\"><div class=\"fusion-layout-column fusion_builder_column_inner fusion-builder-nested-column-2 fusion_builder_column_inner_1_2 1_2 fusion-flex-column fusion-no-small-visibility\" style=\"--awb-bg-size:cover;--awb-border-color:var(--awb-color8);--awb-border-style:solid;--awb-width-large:50%;--awb-margin-top-large:0px;--awb-spacing-right-large:0px;--awb-margin-bottom-large:0px;--awb-spacing-left-large:0px;--awb-width-medium:50%;--awb-order-medium:0;--awb-spacing-right-medium:0px;--awb-spacing-left-medium:0px;--awb-width-small:100%;--awb-order-small:0;--awb-spacing-right-small:0px;--awb-spacing-left-small:0px;\" data-scroll-devices=\"small-visibility,medium-visibility,large-visibility\"><div class=\"fusion-column-wrapper fusion-column-has-shadow fusion-flex-justify-content-flex-start fusion-content-layout-column\"><div class=\"fusion-image-element \" style=\"--awb-caption-title-font-family:var(--h2_typography-font-family);--awb-caption-title-font-weight:var(--h2_typography-font-weight);--awb-caption-title-font-style:var(--h2_typography-font-style);--awb-caption-title-size:var(--h2_typography-font-size);--awb-caption-title-transform:var(--h2_typography-text-transform);--awb-caption-title-line-height:var(--h2_typography-line-height);--awb-caption-title-letter-spacing:var(--h2_typography-letter-spacing);\"><span class=\" fusion-imageframe imageframe-none imageframe-2 hover-type-none\"><img decoding=\"async\" width=\"800\" height=\"800\" title=\"competence-contrat\" src=\"https:\/\/next-law.fr\/dev2025\/wp-content\/uploads\/2025\/03\/competence-contrat.webp\" alt class=\"img-responsive wp-image-4841\" srcset=\"https:\/\/next-law.fr\/dev2025\/wp-content\/uploads\/2025\/03\/competence-contrat-66x66.webp 66w, https:\/\/next-law.fr\/dev2025\/wp-content\/uploads\/2025\/03\/competence-contrat-150x150.webp 150w, https:\/\/next-law.fr\/dev2025\/wp-content\/uploads\/2025\/03\/competence-contrat-200x200.webp 200w, https:\/\/next-law.fr\/dev2025\/wp-content\/uploads\/2025\/03\/competence-contrat-300x300.webp 300w, https:\/\/next-law.fr\/dev2025\/wp-content\/uploads\/2025\/03\/competence-contrat-400x400.webp 400w, https:\/\/next-law.fr\/dev2025\/wp-content\/uploads\/2025\/03\/competence-contrat-600x600.webp 600w, https:\/\/next-law.fr\/dev2025\/wp-content\/uploads\/2025\/03\/competence-contrat-768x768.webp 768w, https:\/\/next-law.fr\/dev2025\/wp-content\/uploads\/2025\/03\/competence-contrat.webp 800w\" sizes=\"(max-width: 640px) 100vw, 800px\" \/><\/span><\/div><\/div><\/div><div class=\"fusion-layout-column fusion_builder_column_inner fusion-builder-nested-column-3 fusion_builder_column_inner_1_2 1_2 fusion-flex-column\" style=\"--awb-padding-top:7px;--awb-padding-right-small:30px;--awb-padding-left-small:30px;--awb-bg-size:cover;--awb-width-large:50%;--awb-margin-top-large:0px;--awb-spacing-right-large:30px;--awb-margin-bottom-large:0px;--awb-spacing-left-large:30px;--awb-width-medium:50%;--awb-order-medium:0;--awb-spacing-right-medium:30px;--awb-spacing-left-medium:30px;--awb-width-small:100%;--awb-order-small:0;--awb-spacing-right-small:0px;--awb-spacing-left-small:0px;\" data-scroll-devices=\"small-visibility,medium-visibility,large-visibility\"><div class=\"fusion-column-wrapper fusion-column-has-shadow fusion-flex-justify-content-flex-start fusion-content-layout-column\"><div class=\"fusion-title title fusion-title-3 fusion-sep-none fusion-title-text fusion-title-size-three\" style=\"--awb-margin-top:20px;--awb-margin-bottom:20px;\"><h3 class=\"fusion-title-heading title-heading-left fusion-responsive-typography-calculated\" style=\"margin:0;--fontSize:25;--minFontSize:25;line-height:var(--awb-typography1-line-height);\">Conformit\u00e9<\/h3><\/div><div class=\"fusion-text fusion-text-2\"><p>Les avocats de NEXT assurent la mise en conformit\u00e9 de vos activit\u00e9s et de vos services en ligne avec la r\u00e9glementation imp\u00e9rative. A l\u2019issue d\u2019une phase d\u2019audit sur place ou de votre site internet, nous formulons nos recommandations et vous accompagnons dans les actions \u00e0 mettre en oeuvre. Les avocats de NEXT vous assistent \u00e9galement dans vos d\u00e9marches aupr\u00e8s des autorit\u00e9s administratives ind\u00e9pendante ou des services de l\u2019administration comp\u00e9tents: CNIL, ACPR, ATOUTFRANCE, etc.<\/p>\n<\/div><\/div><\/div><div class=\"fusion-layout-column fusion_builder_column_inner fusion-builder-nested-column-4 fusion_builder_column_inner_1_2 1_2 fusion-flex-column fusion-no-medium-visibility fusion-no-large-visibility\" style=\"--awb-bg-size:cover;--awb-border-color:var(--awb-color8);--awb-border-style:solid;--awb-width-large:50%;--awb-margin-top-large:0px;--awb-spacing-right-large:0px;--awb-margin-bottom-large:0px;--awb-spacing-left-large:0px;--awb-width-medium:50%;--awb-order-medium:0;--awb-spacing-right-medium:0px;--awb-spacing-left-medium:0px;--awb-width-small:100%;--awb-order-small:0;--awb-spacing-right-small:0px;--awb-spacing-left-small:0px;\" data-scroll-devices=\"small-visibility,medium-visibility,large-visibility\"><div class=\"fusion-column-wrapper fusion-column-has-shadow fusion-flex-justify-content-flex-start fusion-content-layout-column\"><div class=\"fusion-image-element \" style=\"--awb-caption-title-font-family:var(--h2_typography-font-family);--awb-caption-title-font-weight:var(--h2_typography-font-weight);--awb-caption-title-font-style:var(--h2_typography-font-style);--awb-caption-title-size:var(--h2_typography-font-size);--awb-caption-title-transform:var(--h2_typography-text-transform);--awb-caption-title-line-height:var(--h2_typography-line-height);--awb-caption-title-letter-spacing:var(--h2_typography-letter-spacing);\"><span class=\" fusion-imageframe imageframe-none imageframe-3 hover-type-none\"><img decoding=\"async\" width=\"800\" height=\"800\" title=\"competence-contrat\" src=\"https:\/\/next-law.fr\/dev2025\/wp-content\/uploads\/2025\/03\/competence-contrat.webp\" alt class=\"img-responsive wp-image-4841\" srcset=\"https:\/\/next-law.fr\/dev2025\/wp-content\/uploads\/2025\/03\/competence-contrat-66x66.webp 66w, https:\/\/next-law.fr\/dev2025\/wp-content\/uploads\/2025\/03\/competence-contrat-150x150.webp 150w, https:\/\/next-law.fr\/dev2025\/wp-content\/uploads\/2025\/03\/competence-contrat-200x200.webp 200w, https:\/\/next-law.fr\/dev2025\/wp-content\/uploads\/2025\/03\/competence-contrat-300x300.webp 300w, https:\/\/next-law.fr\/dev2025\/wp-content\/uploads\/2025\/03\/competence-contrat-400x400.webp 400w, https:\/\/next-law.fr\/dev2025\/wp-content\/uploads\/2025\/03\/competence-contrat-600x600.webp 600w, https:\/\/next-law.fr\/dev2025\/wp-content\/uploads\/2025\/03\/competence-contrat-768x768.webp 768w, https:\/\/next-law.fr\/dev2025\/wp-content\/uploads\/2025\/03\/competence-contrat.webp 800w\" sizes=\"(max-width: 640px) 100vw, 800px\" \/><\/span><\/div><\/div><\/div><\/div><div class=\"fusion-builder-row fusion-builder-row-inner fusion-row fusion-flex-align-items-flex-start fusion-flex-content-wrap\" style=\"width:calc( 100% + 0px ) !important;max-width:calc( 100% + 0px ) !important;margin-left: calc(-0px \/ 2 );margin-right: calc(-0px \/ 2 );\"><div class=\"fusion-layout-column fusion_builder_column_inner fusion-builder-nested-column-5 fusion_builder_column_inner_1_2 1_2 fusion-flex-column\" style=\"--awb-padding-top:7px;--awb-padding-right-small:30px;--awb-padding-left-small:30px;--awb-bg-size:cover;--awb-border-color:var(--awb-color8);--awb-border-style:solid;--awb-width-large:50%;--awb-margin-top-large:0px;--awb-spacing-right-large:30px;--awb-margin-bottom-large:0px;--awb-spacing-left-large:30px;--awb-width-medium:50%;--awb-order-medium:0;--awb-spacing-right-medium:30px;--awb-spacing-left-medium:30px;--awb-width-small:100%;--awb-order-small:0;--awb-spacing-right-small:0px;--awb-spacing-left-small:0px;\" data-scroll-devices=\"small-visibility,medium-visibility,large-visibility\"><div class=\"fusion-column-wrapper fusion-column-has-shadow fusion-flex-justify-content-flex-start fusion-content-layout-column\"><div class=\"fusion-title title fusion-title-4 fusion-sep-none fusion-title-text fusion-title-size-three\" style=\"--awb-margin-top:20px;--awb-margin-bottom:20px;\"><h3 class=\"fusion-title-heading title-heading-left fusion-responsive-typography-calculated\" style=\"margin:0;--fontSize:25;--minFontSize:25;line-height:var(--awb-typography1-line-height);\">Contentieux<\/h3><\/div><div class=\"fusion-text fusion-text-3\"><p>Les avocats de NEXT disposent d\u2019une longue exp\u00e9rience du contentieux devant les juridictions civiles et commerciales. En fonction des enjeux, les avocats vous aident \u00e0 d\u00e9finir une strat\u00e9gie en demande ou en d\u00e9fense et vous assistent dans diff\u00e9rents types de proc\u00e9dures : requ\u00eate, r\u00e9f\u00e9r\u00e9, saisie contrefa\u00e7on, action au fond, appel, cassation, QPC, etc.<\/p>\n<\/div><\/div><\/div><div class=\"fusion-layout-column fusion_builder_column_inner fusion-builder-nested-column-6 fusion_builder_column_inner_1_2 1_2 fusion-flex-column\" style=\"--awb-bg-size:cover;--awb-border-color:var(--awb-color8);--awb-border-style:solid;--awb-width-large:50%;--awb-margin-top-large:0px;--awb-spacing-right-large:0px;--awb-margin-bottom-large:0px;--awb-spacing-left-large:0px;--awb-width-medium:50%;--awb-order-medium:0;--awb-spacing-right-medium:0px;--awb-spacing-left-medium:0px;--awb-width-small:100%;--awb-order-small:0;--awb-spacing-right-small:0px;--awb-spacing-left-small:0px;\" data-scroll-devices=\"small-visibility,medium-visibility,large-visibility\"><div class=\"fusion-column-wrapper fusion-column-has-shadow fusion-flex-justify-content-flex-start fusion-content-layout-column\"><div class=\"fusion-image-element \" style=\"--awb-caption-title-font-family:var(--h2_typography-font-family);--awb-caption-title-font-weight:var(--h2_typography-font-weight);--awb-caption-title-font-style:var(--h2_typography-font-style);--awb-caption-title-size:var(--h2_typography-font-size);--awb-caption-title-transform:var(--h2_typography-text-transform);--awb-caption-title-line-height:var(--h2_typography-line-height);--awb-caption-title-letter-spacing:var(--h2_typography-letter-spacing);\"><span class=\" fusion-imageframe imageframe-none imageframe-4 hover-type-none\"><img decoding=\"async\" width=\"800\" height=\"800\" title=\"competence-contrat\" src=\"https:\/\/next-law.fr\/dev2025\/wp-content\/uploads\/2025\/03\/competence-contrat.webp\" alt class=\"img-responsive wp-image-4841\" srcset=\"https:\/\/next-law.fr\/dev2025\/wp-content\/uploads\/2025\/03\/competence-contrat-66x66.webp 66w, https:\/\/next-law.fr\/dev2025\/wp-content\/uploads\/2025\/03\/competence-contrat-150x150.webp 150w, https:\/\/next-law.fr\/dev2025\/wp-content\/uploads\/2025\/03\/competence-contrat-200x200.webp 200w, https:\/\/next-law.fr\/dev2025\/wp-content\/uploads\/2025\/03\/competence-contrat-300x300.webp 300w, https:\/\/next-law.fr\/dev2025\/wp-content\/uploads\/2025\/03\/competence-contrat-400x400.webp 400w, https:\/\/next-law.fr\/dev2025\/wp-content\/uploads\/2025\/03\/competence-contrat-600x600.webp 600w, https:\/\/next-law.fr\/dev2025\/wp-content\/uploads\/2025\/03\/competence-contrat-768x768.webp 768w, https:\/\/next-law.fr\/dev2025\/wp-content\/uploads\/2025\/03\/competence-contrat.webp 800w\" sizes=\"(max-width: 640px) 100vw, 800px\" \/><\/span><\/div><\/div><\/div><\/div><\/div><\/div><\/div><\/div>\n","protected":false},"excerpt":{"rendered":"","protected":false},"author":1,"featured_media":0,"parent":0,"menu_order":0,"comment_status":"closed","ping_status":"closed","template":"100-width.php","meta":{"footnotes":""},"class_list":["post-21","page","type-page","status-publish","hentry"],"_links":{"self":[{"href":"https:\/\/next-law.fr\/dev2025\/wp-json\/wp\/v2\/pages\/21","targetHints":{"allow":["GET"]}}],"collection":[{"href":"https:\/\/next-law.fr\/dev2025\/wp-json\/wp\/v2\/pages"}],"about":[{"href":"https:\/\/next-law.fr\/dev2025\/wp-json\/wp\/v2\/types\/page"}],"author":[{"embeddable":true,"href":"https:\/\/next-law.fr\/dev2025\/wp-json\/wp\/v2\/users\/1"}],"replies":[{"embeddable":true,"href":"https:\/\/next-law.fr\/dev2025\/wp-json\/wp\/v2\/comments?post=21"}],"version-history":[{"count":7,"href":"https:\/\/next-law.fr\/dev2025\/wp-json\/wp\/v2\/pages\/21\/revisions"}],"predecessor-version":[{"id":4842,"href":"https:\/\/next-law.fr\/dev2025\/wp-json\/wp\/v2\/pages\/21\/revisions\/4842"}],"wp:attachment":[{"href":"https:\/\/next-law.fr\/dev2025\/wp-json\/wp\/v2\/media?parent=21"}],"curies":[{"name":"wp","href":"https:\/\/api.w.org\/{rel}","templated":true}]}}