{"id":19,"date":"2025-02-10T16:17:59","date_gmt":"2025-02-10T15:17:59","guid":{"rendered":"https:\/\/next-law.fr\/dev2025\/?page_id=19"},"modified":"2025-03-17T09:36:28","modified_gmt":"2025-03-17T08:36:28","slug":"ai-digital-assets","status":"publish","type":"page","link":"https:\/\/next-law.fr\/dev2025\/ai-digital-assets\/","title":{"rendered":"AI &#038; Digital Assets"},"content":{"rendered":"<div class=\"fusion-fullwidth fullwidth-box fusion-builder-row-1 fusion-flex-container has-pattern-background has-mask-background hundred-percent-fullwidth non-hundred-percent-height-scrolling fusion-sticky-container\" style=\"--awb-border-radius-top-left:0px;--awb-border-radius-top-right:0px;--awb-border-radius-bottom-right:0px;--awb-border-radius-bottom-left:0px;--awb-padding-right:0px;--awb-padding-left:0px;--awb-flex-wrap:wrap;\" data-transition-offset=\"0\" data-scroll-offset=\"0\" data-sticky-small-visibility=\"1\" data-sticky-medium-visibility=\"1\" data-sticky-large-visibility=\"1\" ><div class=\"fusion-builder-row fusion-row fusion-flex-align-items-flex-start fusion-flex-content-wrap\" style=\"width:calc( 100% + 0px ) !important;max-width:calc( 100% + 0px ) !important;margin-left: calc(-0px \/ 2 );margin-right: calc(-0px \/ 2 );\"><div class=\"fusion-layout-column fusion_builder_column fusion-builder-column-0 awb-sticky awb-sticky-medium awb-sticky-large fusion_builder_column_1_3 1_3 fusion-flex-column\" style=\"--awb-padding-bottom:200px;--awb-padding-bottom-small:100px;--awb-bg-image:url(&#039;https:\/\/next-law.fr\/dev2025\/wp-content\/uploads\/2025\/02\/ai-background.webp&#039;);--awb-bg-position:right bottom;--awb-bg-size:contain;--awb-border-color:var(--awb-color8);--awb-border-style:solid;--awb-width-large:33.333333333333%;--awb-margin-top-large:0px;--awb-spacing-right-large:0px;--awb-margin-bottom-large:0px;--awb-spacing-left-large:0px;--awb-width-medium:33.333333333333%;--awb-order-medium:0;--awb-spacing-right-medium:0px;--awb-spacing-left-medium:0px;--awb-width-small:100%;--awb-order-small:0;--awb-spacing-right-small:0px;--awb-spacing-left-small:0px;--awb-sticky-offset:150px;\" data-scroll-devices=\"small-visibility,medium-visibility,large-visibility\"><div class=\"fusion-column-wrapper fusion-column-has-shadow fusion-flex-justify-content-flex-start fusion-content-layout-column fusion-column-has-bg-image\" data-bg-url=\"https:\/\/next-law.fr\/dev2025\/wp-content\/uploads\/2025\/02\/ai-background.webp\"><div class=\"fusion-title title fusion-title-1 fusion-sep-none fusion-title-text fusion-title-size-one\" style=\"--awb-text-color:var(--awb-color7);--awb-margin-left:30px;--awb-margin-top-small:20px;--awb-margin-left-small:30px;\"><h1 class=\"fusion-title-heading title-heading-left fusion-responsive-typography-calculated\" style=\"margin:0;--fontSize:45;line-height:var(--awb-typography1-line-height);\">AI &amp; Digital Assets<\/h1><\/div><div class=\"fusion-text fusion-text-1 intro-competences\" style=\"--awb-text-color:var(--awb-color7);--awb-margin-right:30px;--awb-margin-left:30px;\"><p>La cryptographie est \u00e0 l\u2019origine d\u2019une r\u00e9volution dans les \u00e9changes \u00e0 distance. La d\u00e9mat\u00e9rialisation de l\u2019\u00e9crit a transform\u00e9 le fonctionnement des entreprises, du commerce et de l\u2019administration. Il est aussi simple d\u2019\u00e9tablir et conserver des \u00e9crits \u00e9lectroniques qu\u2019il est complexe de ma\u00eetriser les cons\u00e9quences juridiques de cette d\u00e9mat\u00e9rialisation. La blockchain, de son c\u00f4t\u00e9, a permis l\u2019\u00e9mergence de nouveaux instruments mon\u00e9taires et financiers. Les avocats de NEXT sont des sp\u00e9cialistes du droit de la transformation digitale de l\u2019\u00e9crit et des actifs.<\/p>\n<\/div><\/div><\/div><div class=\"fusion-layout-column fusion_builder_column fusion-builder-column-1 awb-sticky awb-sticky-small awb-sticky-medium awb-sticky-large fusion_builder_column_2_3 2_3 fusion-flex-column fusion-flex-align-self-stretch\" style=\"--awb-bg-size:cover;--awb-border-color:var(--awb-color8);--awb-border-left:1px;--awb-border-style:solid;--awb-width-large:66.666666666667%;--awb-margin-top-large:0px;--awb-spacing-right-large:0px;--awb-margin-bottom-large:0px;--awb-spacing-left-large:0px;--awb-width-medium:66.666666666667%;--awb-order-medium:0;--awb-spacing-right-medium:0px;--awb-spacing-left-medium:0px;--awb-width-small:100%;--awb-order-small:0;--awb-spacing-right-small:0px;--awb-spacing-left-small:0px;--awb-sticky-offset:160px;\" data-scroll-devices=\"small-visibility,medium-visibility,large-visibility\"><div class=\"fusion-column-wrapper fusion-column-has-shadow fusion-flex-justify-content-flex-start fusion-content-layout-column\"><div class=\"fusion-builder-row fusion-builder-row-inner fusion-row fusion-flex-align-items-flex-start fusion-flex-content-wrap\" style=\"width:calc( 100% + 0px ) !important;max-width:calc( 100% + 0px ) !important;margin-left: calc(-0px \/ 2 );margin-right: calc(-0px \/ 2 );\"><div class=\"fusion-layout-column fusion_builder_column_inner fusion-builder-nested-column-0 fusion_builder_column_inner_1_2 1_2 fusion-flex-column\" style=\"--awb-padding-left:30px;--awb-padding-top-small:20px;--awb-bg-size:cover;--awb-width-large:50%;--awb-margin-top-large:0px;--awb-spacing-right-large:0px;--awb-margin-bottom-large:0px;--awb-spacing-left-large:0px;--awb-width-medium:50%;--awb-order-medium:0;--awb-spacing-right-medium:0px;--awb-spacing-left-medium:0px;--awb-width-small:50%;--awb-order-small:0;--awb-spacing-right-small:0px;--awb-spacing-left-small:0px;\" data-scroll-devices=\"small-visibility,medium-visibility,large-visibility\"><div class=\"fusion-column-wrapper fusion-column-has-shadow fusion-flex-justify-content-flex-start fusion-content-layout-column\"><div class=\"fusion-title title fusion-title-2 fusion-sep-none fusion-title-text fusion-title-size-two\" style=\"--awb-margin-bottom:12px;--awb-margin-top-small:23px;\"><h2 class=\"fusion-title-heading title-heading-left fusion-responsive-typography-calculated\" style=\"margin:0;--fontSize:45;line-height:var(--awb-typography1-line-height);\">Cas clients<\/h2><\/div><\/div><\/div><div class=\"fusion-layout-column fusion_builder_column_inner fusion-builder-nested-column-1 fusion_builder_column_inner_1_2 1_2 fusion-flex-column\" style=\"--awb-padding-top:20px;--awb-padding-right:30px;--awb-padding-top-small:40px;--awb-padding-bottom-small:20px;--awb-bg-size:cover;--awb-width-large:50%;--awb-margin-top-large:0px;--awb-spacing-right-large:0px;--awb-margin-bottom-large:0px;--awb-spacing-left-large:0px;--awb-width-medium:50%;--awb-order-medium:0;--awb-spacing-right-medium:0px;--awb-spacing-left-medium:0px;--awb-width-small:50%;--awb-order-small:0;--awb-spacing-right-small:0px;--awb-spacing-left-small:0px;\" data-scroll-devices=\"small-visibility,medium-visibility,large-visibility\"><div class=\"fusion-column-wrapper fusion-column-has-shadow fusion-flex-justify-content-flex-start fusion-content-layout-column\"><div style=\"text-align:right;\"><a class=\"fusion-button button-flat fusion-button-default-size button-default fusion-button-default button-1 fusion-button-default-span fusion-button-default-type\" target=\"_self\" href=\"https:\/\/next-law.fr\/dev2025\/cas-clients\/\"><span class=\"fusion-button-text\">Voir tout<\/span><\/a><\/div><\/div><\/div><\/div><div class=\"fusion-separator fusion-full-width-sep\" style=\"align-self: center;margin-left: auto;margin-right: auto;width:100%;\"><div class=\"fusion-separator-border sep-single sep-solid\" style=\"--awb-height:20px;--awb-amount:20px;--awb-sep-color:var(--awb-color8);border-color:var(--awb-color8);border-top-width:1px;\"><\/div><\/div><div class=\"fusion-blog-shortcode fusion-blog-shortcode-1 fusion-blog-archive fusion-blog-layout-grid-wrapper fusion-blog-no fusion-blog-no-images\" style=\"--grid_separator_color:var(--awb-color8);\"><style type=\"text\/css\">.fusion-blog-shortcode-1 .fusion-blog-layout-grid .fusion-post-grid{padding:0px;}.fusion-blog-shortcode-1 .fusion-posts-container{margin-left: -0px !important; margin-right:-0px !important;}<\/style><div class=\"fusion-posts-container fusion-posts-container-no fusion-blog-layout-grid fusion-blog-layout-grid-2 isotope fusion-blog-equal-heights\" data-pages=\"1\" data-grid-col-space=\"0.0\" style=\"margin: -0px -0px 0;min-height:500px;\"><article id=\"blog-1-post-4616\" class=\"fusion-post-grid post-4616 post type-post status-publish format-standard hentry category-cas-client-ai tag-expertise\">\n<div class=\"fusion-post-wrapper\" style=\"background-color:rgba(255,255,255,0);border:1px solid var(--awb-color8);border-bottom-width:3px;\"><div class=\"fusion-post-content-wrapper\" style=\"padding:0 25px 0 25px;\"><div class=\"fusion-post-content post-content\"><h3 class=\"blog-shortcode-post-title\"><a href=\"https:\/\/next-law.fr\/dev2025\/2025\/03\/03\/cas-client-exemple-numero-2\/\">Cas client : exemple num\u00e9ro 2 AI<\/a><\/h3><p class=\"fusion-single-line-meta\"><span>Mar 2025<\/span><span class=\"fusion-inline-sep\">|<\/span><\/p><div class=\"fusion-content-sep sep-single sep-solid\"><\/div><div class=\"fusion-post-content-container\"><p>Lorem ipsum dolor sit amet, consectetur adipiscing elit. Pellentesque ultrices est non enim cursus facilisis ac in risus. Donec nunc orci, hendrerit non volutpat vel, finibus eget mi. Integer venenatis quis ipsum non porta. <\/p><\/div><\/div><\/div><div class=\"fusion-clearfix\"><\/div><\/div>\n<\/article>\n<div class=\"fusion-clearfix\"><\/div><\/div><\/div><div class=\"fusion-builder-row fusion-builder-row-inner fusion-row fusion-flex-align-items-flex-start fusion-flex-content-wrap\" style=\"width:calc( 100% + 0px ) !important;max-width:calc( 100% + 0px ) !important;margin-left: calc(-0px \/ 2 );margin-right: calc(-0px \/ 2 );\"><div class=\"fusion-layout-column fusion_builder_column_inner fusion-builder-nested-column-2 fusion_builder_column_inner_1_2 1_2 fusion-flex-column\" style=\"--awb-padding-top:7px;--awb-padding-right-small:30px;--awb-padding-left-small:30px;--awb-bg-size:cover;--awb-border-color:var(--awb-color8);--awb-border-style:solid;--awb-width-large:50%;--awb-margin-top-large:0px;--awb-spacing-right-large:30px;--awb-margin-bottom-large:0px;--awb-spacing-left-large:30px;--awb-width-medium:50%;--awb-order-medium:0;--awb-spacing-right-medium:30px;--awb-spacing-left-medium:30px;--awb-width-small:100%;--awb-order-small:0;--awb-spacing-right-small:0px;--awb-spacing-left-small:0px;\" data-scroll-devices=\"small-visibility,medium-visibility,large-visibility\"><div class=\"fusion-column-wrapper fusion-column-has-shadow fusion-flex-justify-content-flex-start fusion-content-layout-column\"><div class=\"fusion-title title fusion-title-3 fusion-sep-none fusion-title-text fusion-title-size-three\" style=\"--awb-margin-top:20px;--awb-margin-bottom:20px;\"><h3 class=\"fusion-title-heading title-heading-left fusion-responsive-typography-calculated\" style=\"margin:0;--fontSize:25;--minFontSize:25;line-height:var(--awb-typography1-line-height);\">D\u00e9mat\u00e9rialisation<\/h3><\/div><div class=\"fusion-text fusion-text-2\"><p>La d\u00e9mat\u00e9rialisation de l\u2019\u00e9crit a transform\u00e9 le fonctionnement des entreprises, du commerce et de l\u2019administration. Il est aussi simple d\u2019\u00e9tablir et conserver des \u00e9crits \u00e9lectroniques qu\u2019il est complexe de ma\u00eetriser les cons\u00e9quences juridiques de cette d\u00e9mat\u00e9rialisation.<\/p>\n<p>Signature \u00e9lectronique, copie fiable, r\u00e8glement eidas, normes NF Z 42-013 et 42-026, coffre-fort \u00e9lectronique, les avocats de NEXT sont des sp\u00e9cialistes du droit de la transformation digitale.<\/p>\n<\/div><\/div><\/div><div class=\"fusion-layout-column fusion_builder_column_inner fusion-builder-nested-column-3 fusion_builder_column_inner_1_2 1_2 fusion-flex-column\" style=\"--awb-bg-size:cover;--awb-border-color:var(--awb-color8);--awb-border-style:solid;--awb-width-large:50%;--awb-margin-top-large:0px;--awb-spacing-right-large:0px;--awb-margin-bottom-large:0px;--awb-spacing-left-large:0px;--awb-width-medium:50%;--awb-order-medium:0;--awb-spacing-right-medium:0px;--awb-spacing-left-medium:0px;--awb-width-small:100%;--awb-order-small:0;--awb-spacing-right-small:0px;--awb-spacing-left-small:0px;\" data-scroll-devices=\"small-visibility,medium-visibility,large-visibility\"><div class=\"fusion-column-wrapper fusion-column-has-shadow fusion-flex-justify-content-flex-start fusion-content-layout-column\"><div class=\"fusion-image-element \" style=\"--awb-caption-title-font-family:var(--h2_typography-font-family);--awb-caption-title-font-weight:var(--h2_typography-font-weight);--awb-caption-title-font-style:var(--h2_typography-font-style);--awb-caption-title-size:var(--h2_typography-font-size);--awb-caption-title-transform:var(--h2_typography-text-transform);--awb-caption-title-line-height:var(--h2_typography-line-height);--awb-caption-title-letter-spacing:var(--h2_typography-letter-spacing);\"><span class=\" fusion-imageframe imageframe-none imageframe-1 hover-type-none\"><img decoding=\"async\" width=\"800\" height=\"800\" title=\"competence-ia\" src=\"https:\/\/next-law.fr\/dev2025\/wp-content\/uploads\/2025\/03\/competence-ia.webp\" alt class=\"img-responsive wp-image-4832\" srcset=\"https:\/\/next-law.fr\/dev2025\/wp-content\/uploads\/2025\/03\/competence-ia-66x66.webp 66w, https:\/\/next-law.fr\/dev2025\/wp-content\/uploads\/2025\/03\/competence-ia-150x150.webp 150w, https:\/\/next-law.fr\/dev2025\/wp-content\/uploads\/2025\/03\/competence-ia-200x200.webp 200w, https:\/\/next-law.fr\/dev2025\/wp-content\/uploads\/2025\/03\/competence-ia-300x300.webp 300w, https:\/\/next-law.fr\/dev2025\/wp-content\/uploads\/2025\/03\/competence-ia-400x400.webp 400w, https:\/\/next-law.fr\/dev2025\/wp-content\/uploads\/2025\/03\/competence-ia-600x600.webp 600w, https:\/\/next-law.fr\/dev2025\/wp-content\/uploads\/2025\/03\/competence-ia-768x768.webp 768w, https:\/\/next-law.fr\/dev2025\/wp-content\/uploads\/2025\/03\/competence-ia.webp 800w\" sizes=\"(max-width: 640px) 100vw, 800px\" \/><\/span><\/div><\/div><\/div><\/div><div class=\"fusion-builder-row fusion-builder-row-inner fusion-row fusion-flex-align-items-flex-start fusion-flex-content-wrap\" style=\"width:calc( 100% + 0px ) !important;max-width:calc( 100% + 0px ) !important;margin-left: calc(-0px \/ 2 );margin-right: calc(-0px \/ 2 );\"><div class=\"fusion-layout-column fusion_builder_column_inner fusion-builder-nested-column-4 fusion_builder_column_inner_1_2 1_2 fusion-flex-column fusion-no-small-visibility\" style=\"--awb-bg-size:cover;--awb-border-color:var(--awb-color8);--awb-border-style:solid;--awb-width-large:50%;--awb-margin-top-large:0px;--awb-spacing-right-large:0px;--awb-margin-bottom-large:0px;--awb-spacing-left-large:0px;--awb-width-medium:50%;--awb-order-medium:0;--awb-spacing-right-medium:0px;--awb-spacing-left-medium:0px;--awb-width-small:100%;--awb-order-small:0;--awb-spacing-right-small:0px;--awb-spacing-left-small:0px;\" data-scroll-devices=\"small-visibility,medium-visibility,large-visibility\"><div class=\"fusion-column-wrapper fusion-column-has-shadow fusion-flex-justify-content-flex-start fusion-content-layout-column\"><div class=\"fusion-image-element \" style=\"--awb-caption-title-font-family:var(--h2_typography-font-family);--awb-caption-title-font-weight:var(--h2_typography-font-weight);--awb-caption-title-font-style:var(--h2_typography-font-style);--awb-caption-title-size:var(--h2_typography-font-size);--awb-caption-title-transform:var(--h2_typography-text-transform);--awb-caption-title-line-height:var(--h2_typography-line-height);--awb-caption-title-letter-spacing:var(--h2_typography-letter-spacing);\"><span class=\" fusion-imageframe imageframe-none imageframe-2 hover-type-none\"><img decoding=\"async\" width=\"800\" height=\"800\" title=\"competence-ia\" src=\"https:\/\/next-law.fr\/dev2025\/wp-content\/uploads\/2025\/03\/competence-ia.webp\" alt class=\"img-responsive wp-image-4832\" srcset=\"https:\/\/next-law.fr\/dev2025\/wp-content\/uploads\/2025\/03\/competence-ia-66x66.webp 66w, https:\/\/next-law.fr\/dev2025\/wp-content\/uploads\/2025\/03\/competence-ia-150x150.webp 150w, https:\/\/next-law.fr\/dev2025\/wp-content\/uploads\/2025\/03\/competence-ia-200x200.webp 200w, https:\/\/next-law.fr\/dev2025\/wp-content\/uploads\/2025\/03\/competence-ia-300x300.webp 300w, https:\/\/next-law.fr\/dev2025\/wp-content\/uploads\/2025\/03\/competence-ia-400x400.webp 400w, https:\/\/next-law.fr\/dev2025\/wp-content\/uploads\/2025\/03\/competence-ia-600x600.webp 600w, https:\/\/next-law.fr\/dev2025\/wp-content\/uploads\/2025\/03\/competence-ia-768x768.webp 768w, https:\/\/next-law.fr\/dev2025\/wp-content\/uploads\/2025\/03\/competence-ia.webp 800w\" sizes=\"(max-width: 640px) 100vw, 800px\" \/><\/span><\/div><\/div><\/div><div class=\"fusion-layout-column fusion_builder_column_inner fusion-builder-nested-column-5 fusion_builder_column_inner_1_2 1_2 fusion-flex-column\" style=\"--awb-padding-top:7px;--awb-padding-right-small:30px;--awb-padding-left-small:30px;--awb-bg-size:cover;--awb-width-large:50%;--awb-margin-top-large:0px;--awb-spacing-right-large:30px;--awb-margin-bottom-large:0px;--awb-spacing-left-large:30px;--awb-width-medium:50%;--awb-order-medium:0;--awb-spacing-right-medium:30px;--awb-spacing-left-medium:30px;--awb-width-small:100%;--awb-order-small:0;--awb-spacing-right-small:0px;--awb-spacing-left-small:0px;\" data-scroll-devices=\"small-visibility,medium-visibility,large-visibility\"><div class=\"fusion-column-wrapper fusion-column-has-shadow fusion-flex-justify-content-flex-start fusion-content-layout-column\"><div class=\"fusion-title title fusion-title-4 fusion-sep-none fusion-title-text fusion-title-size-three\" style=\"--awb-margin-top:20px;--awb-margin-bottom:20px;\"><h3 class=\"fusion-title-heading title-heading-left fusion-responsive-typography-calculated\" style=\"margin:0;--fontSize:25;--minFontSize:25;line-height:var(--awb-typography1-line-height);\">Innovation<\/h3><\/div><div class=\"fusion-text fusion-text-3\"><p>La protection de l\u2019innovation est aussi essentielle que multiformes. Les avocats de NEXT vous assistent pour le d\u00e9p\u00f4t de vos brevets d\u2019invention, marques, dessins et mod\u00e8les mais \u00e9galement pour leur protection contre la contrefa\u00e7on ou la concurrence d\u00e9loyale. Mais les actifs immat\u00e9riels ne b\u00e9n\u00e9ficient pas toujours de la protection d\u2019un titre de propri\u00e9t\u00e9 industrielle.<\/p>\n<p>Les avocats de NEXT vous conseillent pour mettre en place les mesures juridiques n\u00e9cessaires \u00e0 la protection de votre savoir-faire et de vos secrets d\u2019affaires.<\/p>\n<\/div><\/div><\/div><div class=\"fusion-layout-column fusion_builder_column_inner fusion-builder-nested-column-6 fusion_builder_column_inner_1_2 1_2 fusion-flex-column fusion-no-medium-visibility fusion-no-large-visibility\" style=\"--awb-bg-size:cover;--awb-border-color:var(--awb-color8);--awb-border-style:solid;--awb-width-large:50%;--awb-margin-top-large:0px;--awb-spacing-right-large:0px;--awb-margin-bottom-large:0px;--awb-spacing-left-large:0px;--awb-width-medium:50%;--awb-order-medium:0;--awb-spacing-right-medium:0px;--awb-spacing-left-medium:0px;--awb-width-small:100%;--awb-order-small:0;--awb-spacing-right-small:0px;--awb-spacing-left-small:0px;\" data-scroll-devices=\"small-visibility,medium-visibility,large-visibility\"><div class=\"fusion-column-wrapper fusion-column-has-shadow fusion-flex-justify-content-flex-start fusion-content-layout-column\"><div class=\"fusion-image-element \" style=\"--awb-caption-title-font-family:var(--h2_typography-font-family);--awb-caption-title-font-weight:var(--h2_typography-font-weight);--awb-caption-title-font-style:var(--h2_typography-font-style);--awb-caption-title-size:var(--h2_typography-font-size);--awb-caption-title-transform:var(--h2_typography-text-transform);--awb-caption-title-line-height:var(--h2_typography-line-height);--awb-caption-title-letter-spacing:var(--h2_typography-letter-spacing);\"><span class=\" fusion-imageframe imageframe-none imageframe-3 hover-type-none\"><img decoding=\"async\" width=\"800\" height=\"800\" title=\"competence-ia\" src=\"https:\/\/next-law.fr\/dev2025\/wp-content\/uploads\/2025\/03\/competence-ia.webp\" alt class=\"img-responsive wp-image-4832\" srcset=\"https:\/\/next-law.fr\/dev2025\/wp-content\/uploads\/2025\/03\/competence-ia-66x66.webp 66w, https:\/\/next-law.fr\/dev2025\/wp-content\/uploads\/2025\/03\/competence-ia-150x150.webp 150w, https:\/\/next-law.fr\/dev2025\/wp-content\/uploads\/2025\/03\/competence-ia-200x200.webp 200w, https:\/\/next-law.fr\/dev2025\/wp-content\/uploads\/2025\/03\/competence-ia-300x300.webp 300w, https:\/\/next-law.fr\/dev2025\/wp-content\/uploads\/2025\/03\/competence-ia-400x400.webp 400w, https:\/\/next-law.fr\/dev2025\/wp-content\/uploads\/2025\/03\/competence-ia-600x600.webp 600w, https:\/\/next-law.fr\/dev2025\/wp-content\/uploads\/2025\/03\/competence-ia-768x768.webp 768w, https:\/\/next-law.fr\/dev2025\/wp-content\/uploads\/2025\/03\/competence-ia.webp 800w\" sizes=\"(max-width: 640px) 100vw, 800px\" \/><\/span><\/div><\/div><\/div><\/div><div class=\"fusion-builder-row fusion-builder-row-inner fusion-row fusion-flex-align-items-flex-start fusion-flex-content-wrap\" style=\"width:calc( 100% + 0px ) !important;max-width:calc( 100% + 0px ) !important;margin-left: calc(-0px \/ 2 );margin-right: calc(-0px \/ 2 );\"><div class=\"fusion-layout-column fusion_builder_column_inner fusion-builder-nested-column-7 fusion_builder_column_inner_1_2 1_2 fusion-flex-column\" style=\"--awb-padding-top:7px;--awb-padding-right-small:30px;--awb-padding-left-small:30px;--awb-bg-size:cover;--awb-border-color:var(--awb-color8);--awb-border-style:solid;--awb-width-large:50%;--awb-margin-top-large:0px;--awb-spacing-right-large:30px;--awb-margin-bottom-large:0px;--awb-spacing-left-large:30px;--awb-width-medium:50%;--awb-order-medium:0;--awb-spacing-right-medium:30px;--awb-spacing-left-medium:30px;--awb-width-small:100%;--awb-order-small:0;--awb-spacing-right-small:0px;--awb-spacing-left-small:0px;\" data-scroll-devices=\"small-visibility,medium-visibility,large-visibility\"><div class=\"fusion-column-wrapper fusion-column-has-shadow fusion-flex-justify-content-flex-start fusion-content-layout-column\"><div class=\"fusion-title title fusion-title-5 fusion-sep-none fusion-title-text fusion-title-size-three\" style=\"--awb-margin-top:20px;--awb-margin-bottom:20px;\"><h3 class=\"fusion-title-heading title-heading-left fusion-responsive-typography-calculated\" style=\"margin:0;--fontSize:25;--minFontSize:25;line-height:var(--awb-typography1-line-height);\">Cryptoactifs<\/h3><\/div><div class=\"fusion-text fusion-text-4\"><p>La tokenisation d\u2019actifs est pr\u00e9sent\u00e9e comme le futur des lev\u00e9es de fonds et de l\u2019investissement bas\u00e9s sur les technologies blockchain. Les NFT sont destin\u00e9s \u00e0 repr\u00e9senter sur la blockchain Ethereum des titres de possession de biens incorporels, notamment des \u0153uvres d\u2019art graphique. L\u2019apparente simplicit\u00e9 technique de ces op\u00e9rations cache leur complexit\u00e9 juridique. Les avocats de NEXT vous assistent dans la mise en \u0153uvre de l\u2019audit juridique qui s\u2019impose.<\/p>\n<\/div><\/div><\/div><div class=\"fusion-layout-column fusion_builder_column_inner fusion-builder-nested-column-8 fusion_builder_column_inner_1_2 1_2 fusion-flex-column\" style=\"--awb-bg-size:cover;--awb-border-color:var(--awb-color8);--awb-border-style:solid;--awb-width-large:50%;--awb-margin-top-large:0px;--awb-spacing-right-large:0px;--awb-margin-bottom-large:0px;--awb-spacing-left-large:0px;--awb-width-medium:50%;--awb-order-medium:0;--awb-spacing-right-medium:0px;--awb-spacing-left-medium:0px;--awb-width-small:100%;--awb-order-small:0;--awb-spacing-right-small:0px;--awb-spacing-left-small:0px;\" data-scroll-devices=\"small-visibility,medium-visibility,large-visibility\"><div class=\"fusion-column-wrapper fusion-column-has-shadow fusion-flex-justify-content-flex-start fusion-content-layout-column\"><div class=\"fusion-image-element \" style=\"--awb-caption-title-font-family:var(--h2_typography-font-family);--awb-caption-title-font-weight:var(--h2_typography-font-weight);--awb-caption-title-font-style:var(--h2_typography-font-style);--awb-caption-title-size:var(--h2_typography-font-size);--awb-caption-title-transform:var(--h2_typography-text-transform);--awb-caption-title-line-height:var(--h2_typography-line-height);--awb-caption-title-letter-spacing:var(--h2_typography-letter-spacing);\"><span class=\" fusion-imageframe imageframe-none imageframe-4 hover-type-none\"><img decoding=\"async\" width=\"800\" height=\"800\" title=\"competence-ia\" src=\"https:\/\/next-law.fr\/dev2025\/wp-content\/uploads\/2025\/03\/competence-ia.webp\" alt class=\"img-responsive wp-image-4832\" srcset=\"https:\/\/next-law.fr\/dev2025\/wp-content\/uploads\/2025\/03\/competence-ia-66x66.webp 66w, https:\/\/next-law.fr\/dev2025\/wp-content\/uploads\/2025\/03\/competence-ia-150x150.webp 150w, https:\/\/next-law.fr\/dev2025\/wp-content\/uploads\/2025\/03\/competence-ia-200x200.webp 200w, https:\/\/next-law.fr\/dev2025\/wp-content\/uploads\/2025\/03\/competence-ia-300x300.webp 300w, https:\/\/next-law.fr\/dev2025\/wp-content\/uploads\/2025\/03\/competence-ia-400x400.webp 400w, https:\/\/next-law.fr\/dev2025\/wp-content\/uploads\/2025\/03\/competence-ia-600x600.webp 600w, https:\/\/next-law.fr\/dev2025\/wp-content\/uploads\/2025\/03\/competence-ia-768x768.webp 768w, https:\/\/next-law.fr\/dev2025\/wp-content\/uploads\/2025\/03\/competence-ia.webp 800w\" sizes=\"(max-width: 640px) 100vw, 800px\" \/><\/span><\/div><\/div><\/div><\/div><\/div><\/div><\/div><\/div>\n","protected":false},"excerpt":{"rendered":"","protected":false},"author":1,"featured_media":0,"parent":0,"menu_order":0,"comment_status":"closed","ping_status":"closed","template":"100-width.php","meta":{"footnotes":""},"class_list":["post-19","page","type-page","status-publish","hentry"],"_links":{"self":[{"href":"https:\/\/next-law.fr\/dev2025\/wp-json\/wp\/v2\/pages\/19","targetHints":{"allow":["GET"]}}],"collection":[{"href":"https:\/\/next-law.fr\/dev2025\/wp-json\/wp\/v2\/pages"}],"about":[{"href":"https:\/\/next-law.fr\/dev2025\/wp-json\/wp\/v2\/types\/page"}],"author":[{"embeddable":true,"href":"https:\/\/next-law.fr\/dev2025\/wp-json\/wp\/v2\/users\/1"}],"replies":[{"embeddable":true,"href":"https:\/\/next-law.fr\/dev2025\/wp-json\/wp\/v2\/comments?post=19"}],"version-history":[{"count":4,"href":"https:\/\/next-law.fr\/dev2025\/wp-json\/wp\/v2\/pages\/19\/revisions"}],"predecessor-version":[{"id":4833,"href":"https:\/\/next-law.fr\/dev2025\/wp-json\/wp\/v2\/pages\/19\/revisions\/4833"}],"wp:attachment":[{"href":"https:\/\/next-law.fr\/dev2025\/wp-json\/wp\/v2\/media?parent=19"}],"curies":[{"name":"wp","href":"https:\/\/api.w.org\/{rel}","templated":true}]}}